{"id":25899,"date":"2026-02-26T11:46:23","date_gmt":"2026-02-26T10:46:23","guid":{"rendered":"https:\/\/www.komad.com\/?post_type=product&#038;p=25899"},"modified":"2026-02-26T11:46:24","modified_gmt":"2026-02-26T10:46:24","slug":"waterfall-bijeli","status":"publish","type":"product","link":"https:\/\/www.komad.com\/hr\/product\/waterfall-bijeli\/","title":{"rendered":"WATERFALL bijeli"},"content":{"rendered":"<p>VELI\u010cINA univerzalna (36-38)<br \/>\nBOJA: bijela<br \/>\nMATERIJAL: 49% viskozno vlakno, 44% poliester, 7% elastan<\/p>\n<p>\/ duljina (od najvi\u0161e to\u010dke ramena) 70cm<br \/>\n\/ duljina rukava (od najvi\u0161e to\u010dke ramena) 60cm<br \/>\n\/ opseg prsa (rastezljivo) 110cm<\/p>\n","protected":false},"excerpt":{"rendered":"<p>Elegantni top s waterfall izrezom izra\u0111en je od kvalitetne elasti\u010dne tkanine, ugodne i mekane na dodir. Njegov profinjeni pad nagla\u0161ava \u017eenstvenu siluetu te daje sofisticiran i bezvremenski izgled, idealan za elegantne i svakodnevne kombinacije.<\/p>\n","protected":false},"featured_media":25897,"comment_status":"closed","ping_status":"closed","template":"","meta":[],"product_brand":[],"product_cat":[86,98],"product_tag":[125],"class_list":{"0":"post-25899","1":"product","2":"type-product","3":"status-publish","4":"has-post-thumbnail","6":"product_cat-odjeca","7":"product_cat-topovi","8":"product_tag-komad-hr","10":"first","11":"instock","12":"taxable","13":"shipping-taxable","14":"purchasable","15":"product-type-simple"},"_links":{"self":[{"href":"https:\/\/www.komad.com\/hr\/wp-json\/wp\/v2\/product\/25899","targetHints":{"allow":["GET"]}}],"collection":[{"href":"https:\/\/www.komad.com\/hr\/wp-json\/wp\/v2\/product"}],"about":[{"href":"https:\/\/www.komad.com\/hr\/wp-json\/wp\/v2\/types\/product"}],"replies":[{"embeddable":true,"href":"https:\/\/www.komad.com\/hr\/wp-json\/wp\/v2\/comments?post=25899"}],"wp:featuredmedia":[{"embeddable":true,"href":"https:\/\/www.komad.com\/hr\/wp-json\/wp\/v2\/media\/25897"}],"wp:attachment":[{"href":"https:\/\/www.komad.com\/hr\/wp-json\/wp\/v2\/media?parent=25899"}],"wp:term":[{"taxonomy":"product_brand","embeddable":true,"href":"https:\/\/www.komad.com\/hr\/wp-json\/wp\/v2\/product_brand?post=25899"},{"taxonomy":"product_cat","embeddable":true,"href":"https:\/\/www.komad.com\/hr\/wp-json\/wp\/v2\/product_cat?post=25899"},{"taxonomy":"product_tag","embeddable":true,"href":"https:\/\/www.komad.com\/hr\/wp-json\/wp\/v2\/product_tag?post=25899"}],"curies":[{"name":"wp","href":"https:\/\/api.w.org\/{rel}","templated":true}]}}