{"id":25710,"date":"2026-02-26T11:46:23","date_gmt":"2026-02-26T10:46:23","guid":{"rendered":"https:\/\/www.komad.com\/?post_type=product&#038;p=25710"},"modified":"2026-02-26T11:46:23","modified_gmt":"2026-02-26T10:46:23","slug":"bao-bijelosrebrno","status":"publish","type":"product","link":"https:\/\/www.komad.com\/hr\/product\/bao-bijelosrebrno\/","title":{"rendered":"BAO bijelo+srebrno"},"content":{"rendered":"<p>VELI\u010cINA univerzalna (S-M)<br \/>\nBOJA: bijela<br \/>\nMATERIJAL: 100% pamu\u010dno vlakno<\/p>\n<p>\/ duljina (od najvi\u0161e to\u010dke ramena) 50cm<br \/>\n\/ duljina rukava (od najvi\u0161e to\u010dke ramena) 55cm<br \/>\n\/ opseg prsa 150cm<\/p>\n","protected":false},"excerpt":{"rendered":"<p>TOP BAO je upe\u010datljiv top minimalisti\u010dkog dizajna. BAO ima spu\u0161tena ramena, povi\u0161eni ovratnik i \u0161iroke rukave. Dolazi u opu\u0161tenom, le\u017eernom kroju koji nije pre\u0161irok niti preuzak.<br \/>\nUz BAO sigurno iska\u010de\u0161 iz monotone mase!<\/p>\n","protected":false},"featured_media":25705,"comment_status":"closed","ping_status":"closed","template":"","meta":[],"product_brand":[],"product_cat":[86,98],"product_tag":[125],"class_list":{"0":"post-25710","1":"product","2":"type-product","3":"status-publish","4":"has-post-thumbnail","6":"product_cat-odjeca","7":"product_cat-topovi","8":"product_tag-komad-hr","10":"first","11":"instock","12":"taxable","13":"shipping-taxable","14":"purchasable","15":"product-type-simple"},"_links":{"self":[{"href":"https:\/\/www.komad.com\/hr\/wp-json\/wp\/v2\/product\/25710","targetHints":{"allow":["GET"]}}],"collection":[{"href":"https:\/\/www.komad.com\/hr\/wp-json\/wp\/v2\/product"}],"about":[{"href":"https:\/\/www.komad.com\/hr\/wp-json\/wp\/v2\/types\/product"}],"replies":[{"embeddable":true,"href":"https:\/\/www.komad.com\/hr\/wp-json\/wp\/v2\/comments?post=25710"}],"wp:featuredmedia":[{"embeddable":true,"href":"https:\/\/www.komad.com\/hr\/wp-json\/wp\/v2\/media\/25705"}],"wp:attachment":[{"href":"https:\/\/www.komad.com\/hr\/wp-json\/wp\/v2\/media?parent=25710"}],"wp:term":[{"taxonomy":"product_brand","embeddable":true,"href":"https:\/\/www.komad.com\/hr\/wp-json\/wp\/v2\/product_brand?post=25710"},{"taxonomy":"product_cat","embeddable":true,"href":"https:\/\/www.komad.com\/hr\/wp-json\/wp\/v2\/product_cat?post=25710"},{"taxonomy":"product_tag","embeddable":true,"href":"https:\/\/www.komad.com\/hr\/wp-json\/wp\/v2\/product_tag?post=25710"}],"curies":[{"name":"wp","href":"https:\/\/api.w.org\/{rel}","templated":true}]}}