{"id":25659,"date":"2026-02-26T11:46:22","date_gmt":"2026-02-26T10:46:22","guid":{"rendered":"https:\/\/www.komad.com\/?post_type=product&#038;p=25659"},"modified":"2026-02-26T11:46:23","modified_gmt":"2026-02-26T10:46:23","slug":"bao-denim","status":"publish","type":"product","link":"https:\/\/www.komad.com\/hr\/product\/bao-denim\/","title":{"rendered":"BAO Denim"},"content":{"rendered":"<p>VELI\u010cINA univerzalna (S-M)<br \/>\nBOJA: tamno plava<br \/>\nMATERIJAL: 100% pamu\u010dno vlakno<\/p>\n<p>\/ duljina (od najvi\u0161e to\u010dke ramena) 50cm<br \/>\n\/ duljina rukava (od najvi\u0161e to\u010dke ramena) 55cm<br \/>\n\/ opseg prsa 150cm<\/p>\n","protected":false},"excerpt":{"rendered":"<p>TOP BAO je upe\u010datljiv top minimalisti\u010dkog dizajna. BAO ima spu\u0161tena ramena, povi\u0161eni ovratnik i \u0161iroke rukave. Dolazi u opu\u0161tenom, le\u017eernom kroju koji nije pre\u0161irok niti preuzak.<br \/>\nUz BAO sigurno iska\u010de\u0161 iz monotone mase!<\/p>\n","protected":false},"featured_media":25657,"comment_status":"closed","ping_status":"closed","template":"","meta":[],"product_brand":[],"product_cat":[309,86,98],"product_tag":[125],"class_list":{"0":"post-25659","1":"product","2":"type-product","3":"status-publish","4":"has-post-thumbnail","6":"product_cat-denim-hr","7":"product_cat-odjeca","8":"product_cat-topovi","9":"product_tag-komad-hr","11":"first","12":"instock","13":"featured","14":"taxable","15":"shipping-taxable","16":"purchasable","17":"product-type-simple"},"_links":{"self":[{"href":"https:\/\/www.komad.com\/hr\/wp-json\/wp\/v2\/product\/25659","targetHints":{"allow":["GET"]}}],"collection":[{"href":"https:\/\/www.komad.com\/hr\/wp-json\/wp\/v2\/product"}],"about":[{"href":"https:\/\/www.komad.com\/hr\/wp-json\/wp\/v2\/types\/product"}],"replies":[{"embeddable":true,"href":"https:\/\/www.komad.com\/hr\/wp-json\/wp\/v2\/comments?post=25659"}],"wp:featuredmedia":[{"embeddable":true,"href":"https:\/\/www.komad.com\/hr\/wp-json\/wp\/v2\/media\/25657"}],"wp:attachment":[{"href":"https:\/\/www.komad.com\/hr\/wp-json\/wp\/v2\/media?parent=25659"}],"wp:term":[{"taxonomy":"product_brand","embeddable":true,"href":"https:\/\/www.komad.com\/hr\/wp-json\/wp\/v2\/product_brand?post=25659"},{"taxonomy":"product_cat","embeddable":true,"href":"https:\/\/www.komad.com\/hr\/wp-json\/wp\/v2\/product_cat?post=25659"},{"taxonomy":"product_tag","embeddable":true,"href":"https:\/\/www.komad.com\/hr\/wp-json\/wp\/v2\/product_tag?post=25659"}],"curies":[{"name":"wp","href":"https:\/\/api.w.org\/{rel}","templated":true}]}}