{"id":25584,"date":"2026-02-26T11:46:22","date_gmt":"2026-02-26T10:46:22","guid":{"rendered":"https:\/\/www.komad.com\/?post_type=product&#038;p=25584"},"modified":"2026-02-26T11:46:22","modified_gmt":"2026-02-26T10:46:22","slug":"elegant-sleeve-denim","status":"publish","type":"product","link":"https:\/\/www.komad.com\/hr\/product\/elegant-sleeve-denim\/","title":{"rendered":"ELEGANT SLEEVE Denim"},"content":{"rendered":"<p>VELI\u010cINA univerzalna (36-38)<br \/>\nBOJA: tamno plava<br \/>\nMATERIJAL: 100% pamu\u010dno vlakno<\/p>\n<p>\/ du\u017eina prednjeg dijela (najkra\u0107i dio) 45cm<br \/>\n\/ du\u017eina stra\u017enjeg dijela (najdu\u017ei dio) 70cm<br \/>\n\/ \u0161irina ramena 38cm<br \/>\n\/ opseg prsa 110cm<\/p>\n","protected":false},"excerpt":{"rendered":"<p>Top ELEGANT SLEVE izra\u0111en je od 100% pamu\u010dnog denima i dolazi sa 3\/4 rukavima.<br \/>\nPrednja strana je kra\u0107a, stra\u017enja dulja zbog \u010dega topi\u0107 elegantno pada.<\/p>\n","protected":false},"featured_media":25582,"comment_status":"closed","ping_status":"closed","template":"","meta":[],"product_brand":[],"product_cat":[309,86,98],"product_tag":[],"class_list":{"0":"post-25584","1":"product","2":"type-product","3":"status-publish","4":"has-post-thumbnail","6":"product_cat-denim-hr","7":"product_cat-odjeca","8":"product_cat-topovi","10":"first","11":"instock","12":"taxable","13":"shipping-taxable","14":"purchasable","15":"product-type-simple"},"_links":{"self":[{"href":"https:\/\/www.komad.com\/hr\/wp-json\/wp\/v2\/product\/25584","targetHints":{"allow":["GET"]}}],"collection":[{"href":"https:\/\/www.komad.com\/hr\/wp-json\/wp\/v2\/product"}],"about":[{"href":"https:\/\/www.komad.com\/hr\/wp-json\/wp\/v2\/types\/product"}],"replies":[{"embeddable":true,"href":"https:\/\/www.komad.com\/hr\/wp-json\/wp\/v2\/comments?post=25584"}],"wp:featuredmedia":[{"embeddable":true,"href":"https:\/\/www.komad.com\/hr\/wp-json\/wp\/v2\/media\/25582"}],"wp:attachment":[{"href":"https:\/\/www.komad.com\/hr\/wp-json\/wp\/v2\/media?parent=25584"}],"wp:term":[{"taxonomy":"product_brand","embeddable":true,"href":"https:\/\/www.komad.com\/hr\/wp-json\/wp\/v2\/product_brand?post=25584"},{"taxonomy":"product_cat","embeddable":true,"href":"https:\/\/www.komad.com\/hr\/wp-json\/wp\/v2\/product_cat?post=25584"},{"taxonomy":"product_tag","embeddable":true,"href":"https:\/\/www.komad.com\/hr\/wp-json\/wp\/v2\/product_tag?post=25584"}],"curies":[{"name":"wp","href":"https:\/\/api.w.org\/{rel}","templated":true}]}}