{"id":25509,"date":"2026-02-26T11:46:22","date_gmt":"2026-02-26T10:46:22","guid":{"rendered":"https:\/\/www.komad.com\/?post_type=product&#038;p=25509"},"modified":"2026-02-26T11:46:22","modified_gmt":"2026-02-26T10:46:22","slug":"gilet-xlong-denim","status":"publish","type":"product","link":"https:\/\/www.komad.com\/hr\/product\/gilet-xlong-denim\/","title":{"rendered":"GILET XLong Denim"},"content":{"rendered":"<p>VELI\u010cINA: univerzalna (36-40)<br \/>\nBOJA: tamno plava<br \/>\nMATERIJAL: 100% pamu\u010dno vlakno<br \/>\npodstava: 100% viskozno vlakno<\/p>\n<p>\/ du\u017eina (od najvi\u0161e to\u010dke ramena) 118cm<br \/>\n\/ \u0161irina ramena 38cm<\/p>\n","protected":false},"excerpt":{"rendered":"<p>Prsluk srednje du\u017eine, le\u017eernog kroja i \u0161irokih revera. Nema gumbe.<br \/>\nDolazi sa \u0161irokom pojasnom trakom od istog materijala, pa ga mo\u017ee\u0161 nositi le\u017eerno otvorenog ili vezanog u struku. Podstavljen je 100% viskoznom tkaninom. Ima d\u017eepove.<br \/>\nExtra-Tipp: Er passt perfekt zu unseren BOW oder SNUG Hosen!<\/p>\n","protected":false},"featured_media":25507,"comment_status":"closed","ping_status":"closed","template":"","meta":[],"product_brand":[],"product_cat":[309,86,312],"product_tag":[125],"class_list":{"0":"post-25509","1":"product","2":"type-product","3":"status-publish","4":"has-post-thumbnail","6":"product_cat-denim-hr","7":"product_cat-odjeca","8":"product_cat-prsluci-hr","9":"product_tag-komad-hr","11":"first","12":"instock","13":"taxable","14":"shipping-taxable","15":"purchasable","16":"product-type-simple"},"_links":{"self":[{"href":"https:\/\/www.komad.com\/hr\/wp-json\/wp\/v2\/product\/25509","targetHints":{"allow":["GET"]}}],"collection":[{"href":"https:\/\/www.komad.com\/hr\/wp-json\/wp\/v2\/product"}],"about":[{"href":"https:\/\/www.komad.com\/hr\/wp-json\/wp\/v2\/types\/product"}],"replies":[{"embeddable":true,"href":"https:\/\/www.komad.com\/hr\/wp-json\/wp\/v2\/comments?post=25509"}],"wp:featuredmedia":[{"embeddable":true,"href":"https:\/\/www.komad.com\/hr\/wp-json\/wp\/v2\/media\/25507"}],"wp:attachment":[{"href":"https:\/\/www.komad.com\/hr\/wp-json\/wp\/v2\/media?parent=25509"}],"wp:term":[{"taxonomy":"product_brand","embeddable":true,"href":"https:\/\/www.komad.com\/hr\/wp-json\/wp\/v2\/product_brand?post=25509"},{"taxonomy":"product_cat","embeddable":true,"href":"https:\/\/www.komad.com\/hr\/wp-json\/wp\/v2\/product_cat?post=25509"},{"taxonomy":"product_tag","embeddable":true,"href":"https:\/\/www.komad.com\/hr\/wp-json\/wp\/v2\/product_tag?post=25509"}],"curies":[{"name":"wp","href":"https:\/\/api.w.org\/{rel}","templated":true}]}}