{"id":25455,"date":"2026-02-26T11:46:22","date_gmt":"2026-02-26T10:46:22","guid":{"rendered":"https:\/\/www.komad.com\/?post_type=product&#038;p=25455"},"modified":"2026-02-26T11:46:22","modified_gmt":"2026-02-26T10:46:22","slug":"gilet-denim","status":"publish","type":"product","link":"https:\/\/www.komad.com\/hr\/product\/gilet-denim\/","title":{"rendered":"GILET Denim"},"content":{"rendered":"<p>VELI\u010cINA: univerzalna (36-40)<br \/>\nBOJA: tamno plava<br \/>\nMATERIJAL: 100% pamu\u010dno vlakno<br \/>\npodstava: 100% viskozno vlakno<\/p>\n<p>\/ du\u017eina (od najvi\u0161e to\u010dke ramena) 80cm<br \/>\n\/ \u0161irina ramena 38cm<\/p>\n","protected":false},"excerpt":{"rendered":"<p>Prsluk srednje du\u017eine, le\u017eernog kroja i \u0161irokih revera. Nema gumbe.<br \/>\nDolazi sa \u0161irokom pojasnom trakom od istog materijala, pa ga mo\u017ee\u0161 nositi le\u017eerno otvorenog ili vezanog u struku. Podstavljen je 100% viskoznom tkaninom. Ima d\u017eepove.<br \/>\nSavr\u0161eno se sla\u017ee sa na\u0161om FLOW suknjom, SNUG hla\u010dama ili ENI haljinom u istoj boji!<\/p>\n","protected":false},"featured_media":25453,"comment_status":"closed","ping_status":"closed","template":"","meta":[],"product_brand":[],"product_cat":[309,86,312],"product_tag":[125],"class_list":{"0":"post-25455","1":"product","2":"type-product","3":"status-publish","4":"has-post-thumbnail","6":"product_cat-denim-hr","7":"product_cat-odjeca","8":"product_cat-prsluci-hr","9":"product_tag-komad-hr","11":"first","12":"instock","13":"featured","14":"taxable","15":"shipping-taxable","16":"purchasable","17":"product-type-simple"},"_links":{"self":[{"href":"https:\/\/www.komad.com\/hr\/wp-json\/wp\/v2\/product\/25455","targetHints":{"allow":["GET"]}}],"collection":[{"href":"https:\/\/www.komad.com\/hr\/wp-json\/wp\/v2\/product"}],"about":[{"href":"https:\/\/www.komad.com\/hr\/wp-json\/wp\/v2\/types\/product"}],"replies":[{"embeddable":true,"href":"https:\/\/www.komad.com\/hr\/wp-json\/wp\/v2\/comments?post=25455"}],"wp:featuredmedia":[{"embeddable":true,"href":"https:\/\/www.komad.com\/hr\/wp-json\/wp\/v2\/media\/25453"}],"wp:attachment":[{"href":"https:\/\/www.komad.com\/hr\/wp-json\/wp\/v2\/media?parent=25455"}],"wp:term":[{"taxonomy":"product_brand","embeddable":true,"href":"https:\/\/www.komad.com\/hr\/wp-json\/wp\/v2\/product_brand?post=25455"},{"taxonomy":"product_cat","embeddable":true,"href":"https:\/\/www.komad.com\/hr\/wp-json\/wp\/v2\/product_cat?post=25455"},{"taxonomy":"product_tag","embeddable":true,"href":"https:\/\/www.komad.com\/hr\/wp-json\/wp\/v2\/product_tag?post=25455"}],"curies":[{"name":"wp","href":"https:\/\/api.w.org\/{rel}","templated":true}]}}