{"id":25331,"date":"2026-02-26T11:46:21","date_gmt":"2026-02-26T10:46:21","guid":{"rendered":"https:\/\/www.komad.com\/?post_type=product&#038;p=25331"},"modified":"2026-02-26T11:46:21","modified_gmt":"2026-02-26T10:46:21","slug":"classy-denim","status":"publish","type":"product","link":"https:\/\/www.komad.com\/hr\/product\/classy-denim\/","title":{"rendered":"CLASSY Denim"},"content":{"rendered":"<p>BOJA: tamno plava<br \/>\nMATERIJAL: 100% pamuk<\/p>\n<p>M (36-38)<\/p>\n<p>\/ du\u017eina (od najvi\u0161e to\u010dke ramena) 125cm<br \/>\n\/ du\u017eina rukava (od ramenog \u0161ava) 49cm<br \/>\n\/ opseg struka (podesivo) max 96cm<br \/>\n\/ opseg bokova (podesivo) max 130cm<\/p>\n<p>L (40-42)<\/p>\n<p>\/ du\u017eina (od najvi\u0161e to\u010dke ramena) 127cm<br \/>\n\/ du\u017eina rukava (od ramenog \u0161ava) 52cm<br \/>\n\/ opseg struka (podesivo) max 100cm<br \/>\n\/ opseg bokova (podesivo) max 135cm<\/p>\n","protected":false},"excerpt":{"rendered":"<p>Haljina na preklop, midi du\u017eine sa 3\/4 rukavima.<br \/>\nIzra\u0111ena je od vrlo udobnog 100% pami\u010dnog denim materijala.<br \/>\nUz haljinu dolazi i traka za vezanje.<span class=\"Apple-converted-space\">\u00a0 <\/span>U bo\u010dne strane haljine u\u0161iveni su d\u017eepovi.<br \/>\nDodatni savjet: osim kao haljina, mo\u017ee se nositi bez trake, rastvoreno, pri \u010demu haljina postaje duga, le\u017eerna, lagana jakna!<\/p>\n","protected":false},"featured_media":25329,"comment_status":"closed","ping_status":"closed","template":"","meta":[],"product_brand":[],"product_cat":[309,87,86],"product_tag":[125],"class_list":{"0":"post-25331","1":"product","2":"type-product","3":"status-publish","4":"has-post-thumbnail","6":"product_cat-denim-hr","7":"product_cat-haljine","8":"product_cat-odjeca","9":"product_tag-komad-hr","11":"first","12":"instock","13":"featured","14":"taxable","15":"shipping-taxable","16":"purchasable","17":"product-type-variable","18":"has-default-attributes"},"_links":{"self":[{"href":"https:\/\/www.komad.com\/hr\/wp-json\/wp\/v2\/product\/25331","targetHints":{"allow":["GET"]}}],"collection":[{"href":"https:\/\/www.komad.com\/hr\/wp-json\/wp\/v2\/product"}],"about":[{"href":"https:\/\/www.komad.com\/hr\/wp-json\/wp\/v2\/types\/product"}],"replies":[{"embeddable":true,"href":"https:\/\/www.komad.com\/hr\/wp-json\/wp\/v2\/comments?post=25331"}],"wp:featuredmedia":[{"embeddable":true,"href":"https:\/\/www.komad.com\/hr\/wp-json\/wp\/v2\/media\/25329"}],"wp:attachment":[{"href":"https:\/\/www.komad.com\/hr\/wp-json\/wp\/v2\/media?parent=25331"}],"wp:term":[{"taxonomy":"product_brand","embeddable":true,"href":"https:\/\/www.komad.com\/hr\/wp-json\/wp\/v2\/product_brand?post=25331"},{"taxonomy":"product_cat","embeddable":true,"href":"https:\/\/www.komad.com\/hr\/wp-json\/wp\/v2\/product_cat?post=25331"},{"taxonomy":"product_tag","embeddable":true,"href":"https:\/\/www.komad.com\/hr\/wp-json\/wp\/v2\/product_tag?post=25331"}],"curies":[{"name":"wp","href":"https:\/\/api.w.org\/{rel}","templated":true}]}}