{"id":25296,"date":"2026-02-26T11:46:21","date_gmt":"2026-02-26T10:46:21","guid":{"rendered":"https:\/\/www.komad.com\/?post_type=product&#038;p=25296"},"modified":"2026-02-26T11:46:21","modified_gmt":"2026-02-26T10:46:21","slug":"elle-denim","status":"publish","type":"product","link":"https:\/\/www.komad.com\/hr\/product\/elle-denim\/","title":{"rendered":"ELLE Denim"},"content":{"rendered":"<p>BOJA: tamno plava<br \/>\nMATERIJAL: 100% pamuk<\/p>\n<p>S (36-38)<br \/>\n\/ du\u017eina (od najvi\u0161e to\u010dke ramena) 76cm<br \/>\n\/ du\u017eina rukava (od ramenog \u0161ava) 39cm<br \/>\n\/ opseg struka 110cm<br \/>\n\/ opseg bokova 130cm<\/p>\n<p>M (36-38)<br \/>\n\/ du\u017eina (od najvi\u0161e to\u010dke ramena) 78cm<br \/>\n\/ du\u017eina rukava (od ramenog \u0161ava) 41cm<br \/>\n\/ opseg struka 112cm<br \/>\n\/ opseg bokova 132cm<\/p>\n<p>L (38-40)<br \/>\n\/ du\u017eina (od najvi\u0161e to\u010dke ramena) 80cm<br \/>\n\/ du\u017eina rukava (od ramenog \u0161ava) 43cm<br \/>\n\/ opseg struka 115cm<br \/>\n\/ opseg bokova 135cm<\/p>\n","protected":false},"excerpt":{"rendered":"<p>Mini haljina sa 3\/4 rukavima i dubokim v izrezom, izra\u0111ena od 100% pamu\u010dnog popelina.<br \/>\nU bo\u010dnim \u0161avovima haljine nalaze se d\u017eepovi, haljina nije podstavljena.<br \/>\nOvu kratku haljinicu mo\u017ee\u0161 nositi i kao tuniku.<\/p>\n","protected":false},"featured_media":25294,"comment_status":"closed","ping_status":"closed","template":"","meta":[],"product_brand":[],"product_cat":[309,87,86],"product_tag":[125],"class_list":{"0":"post-25296","1":"product","2":"type-product","3":"status-publish","4":"has-post-thumbnail","6":"product_cat-denim-hr","7":"product_cat-haljine","8":"product_cat-odjeca","9":"product_tag-komad-hr","11":"first","12":"instock","13":"taxable","14":"shipping-taxable","15":"purchasable","16":"product-type-variable","17":"has-default-attributes"},"_links":{"self":[{"href":"https:\/\/www.komad.com\/hr\/wp-json\/wp\/v2\/product\/25296","targetHints":{"allow":["GET"]}}],"collection":[{"href":"https:\/\/www.komad.com\/hr\/wp-json\/wp\/v2\/product"}],"about":[{"href":"https:\/\/www.komad.com\/hr\/wp-json\/wp\/v2\/types\/product"}],"replies":[{"embeddable":true,"href":"https:\/\/www.komad.com\/hr\/wp-json\/wp\/v2\/comments?post=25296"}],"wp:featuredmedia":[{"embeddable":true,"href":"https:\/\/www.komad.com\/hr\/wp-json\/wp\/v2\/media\/25294"}],"wp:attachment":[{"href":"https:\/\/www.komad.com\/hr\/wp-json\/wp\/v2\/media?parent=25296"}],"wp:term":[{"taxonomy":"product_brand","embeddable":true,"href":"https:\/\/www.komad.com\/hr\/wp-json\/wp\/v2\/product_brand?post=25296"},{"taxonomy":"product_cat","embeddable":true,"href":"https:\/\/www.komad.com\/hr\/wp-json\/wp\/v2\/product_cat?post=25296"},{"taxonomy":"product_tag","embeddable":true,"href":"https:\/\/www.komad.com\/hr\/wp-json\/wp\/v2\/product_tag?post=25296"}],"curies":[{"name":"wp","href":"https:\/\/api.w.org\/{rel}","templated":true}]}}