{"id":25268,"date":"2026-02-26T11:46:21","date_gmt":"2026-02-26T10:46:21","guid":{"rendered":"https:\/\/www.komad.com\/?post_type=product&#038;p=25268"},"modified":"2026-02-26T11:46:21","modified_gmt":"2026-02-26T10:46:21","slug":"ray-denim","status":"publish","type":"product","link":"https:\/\/www.komad.com\/hr\/product\/ray-denim\/","title":{"rendered":"RAY Denim"},"content":{"rendered":"<p>BOJA: tamno plava<br \/>\nMATERIJAL: 100% pamuk<\/p>\n<p>UNIVERZALNA VELI\u010cINA (36-38)<\/p>\n<p>du\u017eina (od najvi\u0161e to\u010dke ramena), podesivo, min 95cm<br \/>\n\/ opseg prsa 100cm<br \/>\n\/ opseg struka 110cm<br \/>\n\/ opseg bokova 130cm<\/p>\n","protected":false},"excerpt":{"rendered":"<p>Haljina mini du\u017eine izra\u0111ena je od vrlo udobnog 100% pamu\u010dnog denim materijala. Naramenice-trakice se mogu odvezati i svezati na \u017eeljenu duljinu ili na \u017eeljeni na\u010din.<br \/>\nU bo\u010dne \u0161avove haljine u\u0161iveni su d\u017eepovi.<br \/>\nDodatni savjet: odli\u010dno izgleda i ukoliko je u struku pri\u010dvrsti\u0161 remenom!<\/p>\n","protected":false},"featured_media":25265,"comment_status":"closed","ping_status":"closed","template":"","meta":[],"product_brand":[],"product_cat":[309,87,86],"product_tag":[125],"class_list":{"0":"post-25268","1":"product","2":"type-product","3":"status-publish","4":"has-post-thumbnail","6":"product_cat-denim-hr","7":"product_cat-haljine","8":"product_cat-odjeca","9":"product_tag-komad-hr","11":"first","12":"instock","13":"taxable","14":"shipping-taxable","15":"purchasable","16":"product-type-simple"},"_links":{"self":[{"href":"https:\/\/www.komad.com\/hr\/wp-json\/wp\/v2\/product\/25268","targetHints":{"allow":["GET"]}}],"collection":[{"href":"https:\/\/www.komad.com\/hr\/wp-json\/wp\/v2\/product"}],"about":[{"href":"https:\/\/www.komad.com\/hr\/wp-json\/wp\/v2\/types\/product"}],"replies":[{"embeddable":true,"href":"https:\/\/www.komad.com\/hr\/wp-json\/wp\/v2\/comments?post=25268"}],"wp:featuredmedia":[{"embeddable":true,"href":"https:\/\/www.komad.com\/hr\/wp-json\/wp\/v2\/media\/25265"}],"wp:attachment":[{"href":"https:\/\/www.komad.com\/hr\/wp-json\/wp\/v2\/media?parent=25268"}],"wp:term":[{"taxonomy":"product_brand","embeddable":true,"href":"https:\/\/www.komad.com\/hr\/wp-json\/wp\/v2\/product_brand?post=25268"},{"taxonomy":"product_cat","embeddable":true,"href":"https:\/\/www.komad.com\/hr\/wp-json\/wp\/v2\/product_cat?post=25268"},{"taxonomy":"product_tag","embeddable":true,"href":"https:\/\/www.komad.com\/hr\/wp-json\/wp\/v2\/product_tag?post=25268"}],"curies":[{"name":"wp","href":"https:\/\/api.w.org\/{rel}","templated":true}]}}