{"id":25205,"date":"2026-02-26T11:46:21","date_gmt":"2026-02-26T10:46:21","guid":{"rendered":"https:\/\/www.komad.com\/?post_type=product&#038;p=25205"},"modified":"2026-02-26T11:46:21","modified_gmt":"2026-02-26T10:46:21","slug":"elegant-crni-lan","status":"publish","type":"product","link":"https:\/\/www.komad.com\/hr\/product\/elegant-crni-lan\/","title":{"rendered":"ELEGANT crni lan"},"content":{"rendered":"<p>BOJA: crna<br \/>\nMATERIJAL: 55% lan, 45% viskozno vlakno<\/p>\n<p>M (36\/38)<br \/>\n\/ du\u017eina prednjeg dijela 91cm<br \/>\n\/ du\u017eina stra\u017enjeg dijela 115cm\u2028\/ \u0161irina ramena 38cm<br \/>\n\/ opseg prsa 110cm<\/p>\n<p>L (40\/42)<br \/>\n\/ du\u017eina prednjeg dijela 93cm<br \/>\n\/ du\u017eina stra\u017enjeg dijela 117cm<br \/>\n\/ \u0161irina ramena 40cm<br \/>\n\/ opseg prsa 115cm<\/p>\n","protected":false},"excerpt":{"rendered":"<p>Haljina bez rukava izra\u0111ena od mje\u0161avine crnog lana i viskoze.<br \/>\nElegantan dizajn kra\u0107i je sprijeda, a du\u017ei straga, \u010dime se posti\u017ee lepr\u0161ava i vitka silueta. Rafinirana, bezvremenska i iznimno elegantna \u2013 pravi je mamac za poglede!<br \/>\nHaljina ima prakti\u010dne bo\u010dne d\u017eepove.<\/p>\n","protected":false},"featured_media":25203,"comment_status":"closed","ping_status":"closed","template":"","meta":[],"product_brand":[],"product_cat":[87,86],"product_tag":[125],"class_list":{"0":"post-25205","1":"product","2":"type-product","3":"status-publish","4":"has-post-thumbnail","6":"product_cat-haljine","7":"product_cat-odjeca","8":"product_tag-komad-hr","10":"first","11":"instock","12":"featured","13":"taxable","14":"shipping-taxable","15":"purchasable","16":"product-type-variable","17":"has-default-attributes"},"_links":{"self":[{"href":"https:\/\/www.komad.com\/hr\/wp-json\/wp\/v2\/product\/25205","targetHints":{"allow":["GET"]}}],"collection":[{"href":"https:\/\/www.komad.com\/hr\/wp-json\/wp\/v2\/product"}],"about":[{"href":"https:\/\/www.komad.com\/hr\/wp-json\/wp\/v2\/types\/product"}],"replies":[{"embeddable":true,"href":"https:\/\/www.komad.com\/hr\/wp-json\/wp\/v2\/comments?post=25205"}],"wp:featuredmedia":[{"embeddable":true,"href":"https:\/\/www.komad.com\/hr\/wp-json\/wp\/v2\/media\/25203"}],"wp:attachment":[{"href":"https:\/\/www.komad.com\/hr\/wp-json\/wp\/v2\/media?parent=25205"}],"wp:term":[{"taxonomy":"product_brand","embeddable":true,"href":"https:\/\/www.komad.com\/hr\/wp-json\/wp\/v2\/product_brand?post=25205"},{"taxonomy":"product_cat","embeddable":true,"href":"https:\/\/www.komad.com\/hr\/wp-json\/wp\/v2\/product_cat?post=25205"},{"taxonomy":"product_tag","embeddable":true,"href":"https:\/\/www.komad.com\/hr\/wp-json\/wp\/v2\/product_tag?post=25205"}],"curies":[{"name":"wp","href":"https:\/\/api.w.org\/{rel}","templated":true}]}}