{"id":25166,"date":"2026-02-26T11:46:21","date_gmt":"2026-02-26T10:46:21","guid":{"rendered":"https:\/\/www.komad.com\/?post_type=product&#038;p=25166"},"modified":"2026-02-26T11:46:21","modified_gmt":"2026-02-26T10:46:21","slug":"snug-denim","status":"publish","type":"product","link":"https:\/\/www.komad.com\/hr\/product\/snug-denim\/","title":{"rendered":"SNUG Denim"},"content":{"rendered":"<p>BOJA: tamno plava<br \/>\nMATERIJAL: 100% pamu\u010dno vlakno<\/p>\n<p>S (34\/36)<\/p>\n<p>\/ du\u017eina nogavice (od struka) 103cm<br \/>\n\/ opseg struka (rastezljivo) 68cm<br \/>\n\/ opseg bokova 118cm<\/p>\n<p>M (36\/38)<\/p>\n<p>\/ du\u017eina nogavice (od struka) 105cm<br \/>\n\/ opseg struka (rastezljivo) 70cm<br \/>\n\/ opseg bokova 120cm<\/p>\n<p>L (38\/40)<\/p>\n<p>\/ du\u017eina nogavice (od struka) 107cm<br \/>\n\/ opseg struka (rastezljivo) 72cm<br \/>\n\/ opseg bokova 122cm<\/p>\n","protected":false},"excerpt":{"rendered":"<p>Hla\u010de visokog struka sa \u0161irokim, duga\u010dkim nogavicama i gumom u podru\u010dju struka.<br \/>\n\/ le\u017eeran kroj \/ guma u struku \/ d\u017eepovi sa strane<\/p>\n","protected":false},"featured_media":25164,"comment_status":"closed","ping_status":"closed","template":"","meta":[],"product_brand":[],"product_cat":[309,88,86],"product_tag":[125],"class_list":{"0":"post-25166","1":"product","2":"type-product","3":"status-publish","4":"has-post-thumbnail","6":"product_cat-denim-hr","7":"product_cat-hlace-i-kratke-hlace","8":"product_cat-odjeca","9":"product_tag-komad-hr","11":"first","12":"instock","13":"featured","14":"taxable","15":"shipping-taxable","16":"purchasable","17":"product-type-variable","18":"has-default-attributes"},"_links":{"self":[{"href":"https:\/\/www.komad.com\/hr\/wp-json\/wp\/v2\/product\/25166","targetHints":{"allow":["GET"]}}],"collection":[{"href":"https:\/\/www.komad.com\/hr\/wp-json\/wp\/v2\/product"}],"about":[{"href":"https:\/\/www.komad.com\/hr\/wp-json\/wp\/v2\/types\/product"}],"replies":[{"embeddable":true,"href":"https:\/\/www.komad.com\/hr\/wp-json\/wp\/v2\/comments?post=25166"}],"wp:featuredmedia":[{"embeddable":true,"href":"https:\/\/www.komad.com\/hr\/wp-json\/wp\/v2\/media\/25164"}],"wp:attachment":[{"href":"https:\/\/www.komad.com\/hr\/wp-json\/wp\/v2\/media?parent=25166"}],"wp:term":[{"taxonomy":"product_brand","embeddable":true,"href":"https:\/\/www.komad.com\/hr\/wp-json\/wp\/v2\/product_brand?post=25166"},{"taxonomy":"product_cat","embeddable":true,"href":"https:\/\/www.komad.com\/hr\/wp-json\/wp\/v2\/product_cat?post=25166"},{"taxonomy":"product_tag","embeddable":true,"href":"https:\/\/www.komad.com\/hr\/wp-json\/wp\/v2\/product_tag?post=25166"}],"curies":[{"name":"wp","href":"https:\/\/api.w.org\/{rel}","templated":true}]}}