{"id":25096,"date":"2026-02-26T11:46:20","date_gmt":"2026-02-26T10:46:20","guid":{"rendered":"https:\/\/www.komad.com\/?post_type=product&#038;p=25096"},"modified":"2026-02-26T11:46:21","modified_gmt":"2026-02-26T10:46:21","slug":"bow-denim","status":"publish","type":"product","link":"https:\/\/www.komad.com\/hr\/product\/bow-denim\/","title":{"rendered":"BOW Denim"},"content":{"rendered":"<p>BOJA: tamno plava<br \/>\nMATERIJAL: 100% pamu\u010dno vlakno<\/p>\n<p>S (34\/36)<\/p>\n<p>\/ du\u017eina nogavice (od struka) 93cm<br \/>\n\/ opseg struka (podesivo) max. 82cm<br \/>\n\/ opseg bokova 113cm<\/p>\n<p>M (36\/38)<\/p>\n<p>\/ du\u017eina nogavice (od struka) 95cm<br \/>\n\/ opseg struka (podesivo) max. 84cm<br \/>\n\/ opseg bokova 115cm<\/p>\n<p>L (38\/40)<\/p>\n<p>\/ du\u017eina nogavice (od struka) 97cm<br \/>\n\/ opseg struka (podesivo) max. 86cm<br \/>\n\/ opseg bokova 117cm<\/p>\n","protected":false},"excerpt":{"rendered":"<p>Hla\u010de visokog struka sa \u0161irokim nogavicama. Traka u\u0161ivena u rub hla\u010da omogu\u0107ava pode\u0161avanje \u0161irine (vezanjem), a tako\u0111er slu\u017ei i kao zanimljiv ukrasni detalj.<br \/>\n\/ le\u017eeran kroj \/ zatvara\u010d na stra\u017enjem dijelu \/ traka u struku \/ d\u017eepovi sa strane<\/p>\n","protected":false},"featured_media":25094,"comment_status":"closed","ping_status":"closed","template":"","meta":[],"product_brand":[],"product_cat":[309,88,86],"product_tag":[125],"class_list":{"0":"post-25096","1":"product","2":"type-product","3":"status-publish","4":"has-post-thumbnail","6":"product_cat-denim-hr","7":"product_cat-hlace-i-kratke-hlace","8":"product_cat-odjeca","9":"product_tag-komad-hr","11":"first","12":"instock","13":"taxable","14":"shipping-taxable","15":"purchasable","16":"product-type-variable","17":"has-default-attributes"},"_links":{"self":[{"href":"https:\/\/www.komad.com\/hr\/wp-json\/wp\/v2\/product\/25096","targetHints":{"allow":["GET"]}}],"collection":[{"href":"https:\/\/www.komad.com\/hr\/wp-json\/wp\/v2\/product"}],"about":[{"href":"https:\/\/www.komad.com\/hr\/wp-json\/wp\/v2\/types\/product"}],"replies":[{"embeddable":true,"href":"https:\/\/www.komad.com\/hr\/wp-json\/wp\/v2\/comments?post=25096"}],"wp:featuredmedia":[{"embeddable":true,"href":"https:\/\/www.komad.com\/hr\/wp-json\/wp\/v2\/media\/25094"}],"wp:attachment":[{"href":"https:\/\/www.komad.com\/hr\/wp-json\/wp\/v2\/media?parent=25096"}],"wp:term":[{"taxonomy":"product_brand","embeddable":true,"href":"https:\/\/www.komad.com\/hr\/wp-json\/wp\/v2\/product_brand?post=25096"},{"taxonomy":"product_cat","embeddable":true,"href":"https:\/\/www.komad.com\/hr\/wp-json\/wp\/v2\/product_cat?post=25096"},{"taxonomy":"product_tag","embeddable":true,"href":"https:\/\/www.komad.com\/hr\/wp-json\/wp\/v2\/product_tag?post=25096"}],"curies":[{"name":"wp","href":"https:\/\/api.w.org\/{rel}","templated":true}]}}