{"id":24898,"date":"2026-02-26T11:46:20","date_gmt":"2026-02-26T10:46:20","guid":{"rendered":"https:\/\/www.komad.com\/?post_type=product&#038;p=24898"},"modified":"2026-02-26T11:46:20","modified_gmt":"2026-02-26T10:46:20","slug":"sleek-denim","status":"publish","type":"product","link":"https:\/\/www.komad.com\/hr\/product\/sleek-denim\/","title":{"rendered":"SLEEK Denim"},"content":{"rendered":"<p>BOJA: tamno plava<br \/>\nMATERIJAL: 100% pamuk<\/p>\n<p>M (36-38)<br \/>\n\/ du\u017eina (od najvi\u0161e to\u010dke ramena) 145cm<br \/>\n\/ opseg struka (podesivo) max 110cm<br \/>\n\/ opseg bokova 120cm<\/p>\n<p>L (40-42)<br \/>\n\/ du\u017eina (od najvi\u0161e to\u010dke ramena) 147cm<br \/>\n\/ opseg struka (podesivo) max 115cm<br \/>\n\/ opseg bokova 125cm<\/p>\n","protected":false},"excerpt":{"rendered":"<p>Duga\u010dki kombinezon bez rukava, sa okrugllim izrezom, izra\u0111en od 100% pamu\u010dnog denima.<br \/>\nU bo\u010dne strane na visinu struka u\u0161ivene su dvije \u0161iroke i duga\u010dke trake. Njima se mo\u017ee\u0161 malo poigrati: ve\u017ei ih oko struka, sprijeda, straga, sa strane, ili ih jednostavno pusti da padnu na stranu\u2026mogu\u0107nosti su razne, prona\u0111i svoju najdra\u017eu!<br \/>\nU bo\u010dnim \u0161avovima nalaze se i d\u017eepovi.<\/p>\n","protected":false},"featured_media":24874,"comment_status":"closed","ping_status":"closed","template":"","meta":[],"product_brand":[],"product_cat":[309,89,86],"product_tag":[125],"class_list":{"0":"post-24898","1":"product","2":"type-product","3":"status-publish","4":"has-post-thumbnail","6":"product_cat-denim-hr","7":"product_cat-kombinezoni","8":"product_cat-odjeca","9":"product_tag-komad-hr","11":"first","12":"instock","13":"taxable","14":"shipping-taxable","15":"purchasable","16":"product-type-variable"},"_links":{"self":[{"href":"https:\/\/www.komad.com\/hr\/wp-json\/wp\/v2\/product\/24898","targetHints":{"allow":["GET"]}}],"collection":[{"href":"https:\/\/www.komad.com\/hr\/wp-json\/wp\/v2\/product"}],"about":[{"href":"https:\/\/www.komad.com\/hr\/wp-json\/wp\/v2\/types\/product"}],"replies":[{"embeddable":true,"href":"https:\/\/www.komad.com\/hr\/wp-json\/wp\/v2\/comments?post=24898"}],"wp:featuredmedia":[{"embeddable":true,"href":"https:\/\/www.komad.com\/hr\/wp-json\/wp\/v2\/media\/24874"}],"wp:attachment":[{"href":"https:\/\/www.komad.com\/hr\/wp-json\/wp\/v2\/media?parent=24898"}],"wp:term":[{"taxonomy":"product_brand","embeddable":true,"href":"https:\/\/www.komad.com\/hr\/wp-json\/wp\/v2\/product_brand?post=24898"},{"taxonomy":"product_cat","embeddable":true,"href":"https:\/\/www.komad.com\/hr\/wp-json\/wp\/v2\/product_cat?post=24898"},{"taxonomy":"product_tag","embeddable":true,"href":"https:\/\/www.komad.com\/hr\/wp-json\/wp\/v2\/product_tag?post=24898"}],"curies":[{"name":"wp","href":"https:\/\/api.w.org\/{rel}","templated":true}]}}