{"id":24806,"date":"2026-02-26T11:46:21","date_gmt":"2026-02-26T10:46:21","guid":{"rendered":"https:\/\/www.komad.com\/?post_type=product&#038;p=24806"},"modified":"2026-02-26T11:46:21","modified_gmt":"2026-02-26T10:46:21","slug":"blazer-denim","status":"publish","type":"product","link":"https:\/\/www.komad.com\/hr\/product\/blazer-denim\/","title":{"rendered":"Blazer Denim"},"content":{"rendered":"<p>VELI\u010cINA: univerzalna (36-40)\u2028<br \/>\nBOJA: tamno plava\u2028<br \/>\nMATERIJAL: 100% pamu\u010dno vlakno\u2028<br \/>\npodstava: 100% viskozno vlakno<\/p>\n<p>\/ du\u017eina (od najvi\u0161e to\u010dke ramena) 76cm\u2028<br \/>\n\/ \u0161irina ramena 41cm<br \/>\n\u2028\/ du\u017eina rukava (od ramenog \u0161ava) 59cm<\/p>\n","protected":false},"excerpt":{"rendered":"<p>Oversized blejzer le\u017eernog kroja, \u0161irokih revera i sa prostranim d\u017eepovima. Nema gumbe.<br \/>\nDolazi sa \u0161irokom pojasnom trakom od istog materijala, pa ga mo\u017ee\u0161 nositi le\u017eerno otvorenog ili vezanog u struku. Podstavljen je 100% viskoznom tkaninom.<br \/>\nSavr\u0161eno se sla\u017ee sa na\u0161im BOW<span class=\"Apple-converted-space\">\u00a0 <\/span>ili SNUG hla\u010dama u istoj boji!<\/p>\n","protected":false},"featured_media":24757,"comment_status":"closed","ping_status":"closed","template":"","meta":[],"product_brand":[],"product_cat":[309,97,86],"product_tag":[314,315,125],"class_list":{"0":"post-24806","1":"product","2":"type-product","3":"status-publish","4":"has-post-thumbnail","6":"product_cat-denim-hr","7":"product_cat-jakne-i-ogrtaci","8":"product_cat-odjeca","9":"product_tag-blazer","10":"product_tag-denim","11":"product_tag-komad-hr","13":"first","14":"instock","15":"taxable","16":"shipping-taxable","17":"purchasable","18":"product-type-simple"},"_links":{"self":[{"href":"https:\/\/www.komad.com\/hr\/wp-json\/wp\/v2\/product\/24806","targetHints":{"allow":["GET"]}}],"collection":[{"href":"https:\/\/www.komad.com\/hr\/wp-json\/wp\/v2\/product"}],"about":[{"href":"https:\/\/www.komad.com\/hr\/wp-json\/wp\/v2\/types\/product"}],"replies":[{"embeddable":true,"href":"https:\/\/www.komad.com\/hr\/wp-json\/wp\/v2\/comments?post=24806"}],"wp:featuredmedia":[{"embeddable":true,"href":"https:\/\/www.komad.com\/hr\/wp-json\/wp\/v2\/media\/24757"}],"wp:attachment":[{"href":"https:\/\/www.komad.com\/hr\/wp-json\/wp\/v2\/media?parent=24806"}],"wp:term":[{"taxonomy":"product_brand","embeddable":true,"href":"https:\/\/www.komad.com\/hr\/wp-json\/wp\/v2\/product_brand?post=24806"},{"taxonomy":"product_cat","embeddable":true,"href":"https:\/\/www.komad.com\/hr\/wp-json\/wp\/v2\/product_cat?post=24806"},{"taxonomy":"product_tag","embeddable":true,"href":"https:\/\/www.komad.com\/hr\/wp-json\/wp\/v2\/product_tag?post=24806"}],"curies":[{"name":"wp","href":"https:\/\/api.w.org\/{rel}","templated":true}]}}