{"id":23626,"date":"2023-09-18T12:42:31","date_gmt":"2023-09-18T10:42:31","guid":{"rendered":"https:\/\/www.komad.com\/product\/baby-knit-bez\/"},"modified":"2023-09-18T12:42:31","modified_gmt":"2023-09-18T10:42:31","slug":"baby-knit-bez","status":"publish","type":"product","link":"https:\/\/www.komad.com\/hr\/product\/baby-knit-bez\/","title":{"rendered":"BABY KNIT be\u017e"},"content":{"rendered":"<p>VELI\u010cINA univerzalna (S-L)<br \/>\nBOJA: be\u017e<br \/>\nMATERIJAL: 100% pamuk<\/p>\n<p>\/ duljina (od najvi\u0161e to\u010dke ramena) 64cm<br \/>\n\/ duljina rukava (od najvi\u0161e to\u010dke ramena) 32cm<\/p>\n","protected":false},"excerpt":{"rendered":"<p>BABY KNIT d\u017eemper oversized kroja izra\u0111en je od mekanog pamu\u010dnog pletiva.<br \/>\nD\u017eemper ima 3\/4 rukave, \u0161iroko je krojen i dolazi u univezalnoj veli\u010dini. Njegov jednostavan kroj \u010dini ga laganim za kombiniranje: uz traperice, trenirku ili elegantne hla\u010de. Jednostavno ide uz sve!<\/p>\n<p>Model je visine 170cm.<\/p>\n","protected":false},"featured_media":23609,"comment_status":"closed","ping_status":"closed","template":"","meta":[],"product_brand":[],"product_cat":[86,93],"product_tag":[125],"class_list":{"0":"post-23626","1":"product","2":"type-product","3":"status-publish","4":"has-post-thumbnail","6":"product_cat-odjeca","7":"product_cat-pletenina","8":"product_tag-komad-hr","10":"first","11":"instock","12":"taxable","13":"shipping-taxable","14":"purchasable","15":"product-type-simple"},"_links":{"self":[{"href":"https:\/\/www.komad.com\/hr\/wp-json\/wp\/v2\/product\/23626","targetHints":{"allow":["GET"]}}],"collection":[{"href":"https:\/\/www.komad.com\/hr\/wp-json\/wp\/v2\/product"}],"about":[{"href":"https:\/\/www.komad.com\/hr\/wp-json\/wp\/v2\/types\/product"}],"replies":[{"embeddable":true,"href":"https:\/\/www.komad.com\/hr\/wp-json\/wp\/v2\/comments?post=23626"}],"wp:featuredmedia":[{"embeddable":true,"href":"https:\/\/www.komad.com\/hr\/wp-json\/wp\/v2\/media\/23609"}],"wp:attachment":[{"href":"https:\/\/www.komad.com\/hr\/wp-json\/wp\/v2\/media?parent=23626"}],"wp:term":[{"taxonomy":"product_brand","embeddable":true,"href":"https:\/\/www.komad.com\/hr\/wp-json\/wp\/v2\/product_brand?post=23626"},{"taxonomy":"product_cat","embeddable":true,"href":"https:\/\/www.komad.com\/hr\/wp-json\/wp\/v2\/product_cat?post=23626"},{"taxonomy":"product_tag","embeddable":true,"href":"https:\/\/www.komad.com\/hr\/wp-json\/wp\/v2\/product_tag?post=23626"}],"curies":[{"name":"wp","href":"https:\/\/api.w.org\/{rel}","templated":true}]}}