{"id":23494,"date":"2023-09-18T12:22:55","date_gmt":"2023-09-18T10:22:55","guid":{"rendered":"https:\/\/www.komad.com\/product\/tie-top-crvena\/"},"modified":"2023-09-18T12:22:55","modified_gmt":"2023-09-18T10:22:55","slug":"tie-top-crvena","status":"publish","type":"product","link":"https:\/\/www.komad.com\/hr\/product\/tie-top-crvena\/","title":{"rendered":"TIE-TOP crvena"},"content":{"rendered":"<p>VELI\u010cINA univerzalna (S-L)<br \/>\nBOJA: crveno<br \/>\nMATERIJAL: 95% viskozno vlakno, 5% spandex<\/p>\n<p>\/ duljina (od najvi\u0161e to\u010dke ramena) 65cm<br \/>\n\/ duljina rukava (od najvi\u0161e to\u010dke ramena) 35cm<br \/>\n\/ \u0161irina (podesivo) max.140cm<\/p>\n","protected":false},"excerpt":{"rendered":"<p>Bluza okruglog izreza, s 3\/4 rukavima, izra\u0111ena od super mekanog viskoznog materijala.\u2028U bo\u010dne strane bluze, na visinu struka u\u0161ivene su dvije \u0161iroke i duga\u010dke trake. Njima se mo\u017ee\u0161 malo poigrati: ve\u017ei ih oko struka, sprijeda, straga, sa strane, ili ih jednostavno pusti da padnu na stranu\u2026mogu\u0107nosti su razne, prona\u0111i svoju najdra\u017eu!\u2028<br \/>\nModel je visine 170cm.<\/p>\n","protected":false},"featured_media":23480,"comment_status":"closed","ping_status":"closed","template":"","meta":[],"product_brand":[],"product_cat":[86,98],"product_tag":[125],"class_list":{"0":"post-23494","1":"product","2":"type-product","3":"status-publish","4":"has-post-thumbnail","6":"product_cat-odjeca","7":"product_cat-topovi","8":"product_tag-komad-hr","10":"first","11":"instock","12":"taxable","13":"shipping-taxable","14":"purchasable","15":"product-type-simple"},"_links":{"self":[{"href":"https:\/\/www.komad.com\/hr\/wp-json\/wp\/v2\/product\/23494","targetHints":{"allow":["GET"]}}],"collection":[{"href":"https:\/\/www.komad.com\/hr\/wp-json\/wp\/v2\/product"}],"about":[{"href":"https:\/\/www.komad.com\/hr\/wp-json\/wp\/v2\/types\/product"}],"replies":[{"embeddable":true,"href":"https:\/\/www.komad.com\/hr\/wp-json\/wp\/v2\/comments?post=23494"}],"wp:featuredmedia":[{"embeddable":true,"href":"https:\/\/www.komad.com\/hr\/wp-json\/wp\/v2\/media\/23480"}],"wp:attachment":[{"href":"https:\/\/www.komad.com\/hr\/wp-json\/wp\/v2\/media?parent=23494"}],"wp:term":[{"taxonomy":"product_brand","embeddable":true,"href":"https:\/\/www.komad.com\/hr\/wp-json\/wp\/v2\/product_brand?post=23494"},{"taxonomy":"product_cat","embeddable":true,"href":"https:\/\/www.komad.com\/hr\/wp-json\/wp\/v2\/product_cat?post=23494"},{"taxonomy":"product_tag","embeddable":true,"href":"https:\/\/www.komad.com\/hr\/wp-json\/wp\/v2\/product_tag?post=23494"}],"curies":[{"name":"wp","href":"https:\/\/api.w.org\/{rel}","templated":true}]}}