{"id":23413,"date":"2023-09-18T12:11:39","date_gmt":"2023-09-18T10:11:39","guid":{"rendered":"https:\/\/www.komad.com\/product\/jumpy-short-crna\/"},"modified":"2025-10-19T19:21:51","modified_gmt":"2025-10-19T17:21:51","slug":"jumpy-short-crna","status":"publish","type":"product","link":"https:\/\/www.komad.com\/hr\/product\/jumpy-short-crna\/","title":{"rendered":"JUMPY SHORT crna"},"content":{"rendered":"<p>VELI\u010cINA univerzalna (S-L)<br \/>\nBOJA: crna<br \/>\nMATERIJAL: 67% pamuk, 33% PES<\/p>\n<p>\/ duljina (od najvi\u0161e to\u010dke ramena) 50cm<br \/>\n\/ duljina rukava (od najvi\u0161e to\u010dke ramena) 55cm<\/p>\n","protected":false},"excerpt":{"rendered":"<p>JUMPY SHORT je kra\u0107a verzija na\u0161eg legendarnog d\u017eempera\/tunike.<br \/>\nUdoban i topao d\u017eemper \u0161irokog ovratnika izra\u0111en od pletiva u mje\u0161avini pamuka. D\u017eemper ima spu\u0161tena ramena i \u0161iroke rukave. Dolazi u regular fit kroju: nije pre\u0161irok niti preuzak.<br \/>\nIde uz sve: traperice, trenirku ili elegantne hla\u010de. Jednostavno savr\u0161en! <\/p>\n<p>Model je visine 170cm.<\/p>\n","protected":false},"featured_media":23399,"comment_status":"closed","ping_status":"closed","template":"","meta":[],"product_brand":[],"product_cat":[86,93],"product_tag":[125],"class_list":{"0":"post-23413","1":"product","2":"type-product","3":"status-publish","4":"has-post-thumbnail","6":"product_cat-odjeca","7":"product_cat-pletenina","8":"product_tag-komad-hr","10":"first","11":"instock","12":"taxable","13":"shipping-taxable","14":"purchasable","15":"product-type-simple"},"_links":{"self":[{"href":"https:\/\/www.komad.com\/hr\/wp-json\/wp\/v2\/product\/23413","targetHints":{"allow":["GET"]}}],"collection":[{"href":"https:\/\/www.komad.com\/hr\/wp-json\/wp\/v2\/product"}],"about":[{"href":"https:\/\/www.komad.com\/hr\/wp-json\/wp\/v2\/types\/product"}],"replies":[{"embeddable":true,"href":"https:\/\/www.komad.com\/hr\/wp-json\/wp\/v2\/comments?post=23413"}],"wp:featuredmedia":[{"embeddable":true,"href":"https:\/\/www.komad.com\/hr\/wp-json\/wp\/v2\/media\/23399"}],"wp:attachment":[{"href":"https:\/\/www.komad.com\/hr\/wp-json\/wp\/v2\/media?parent=23413"}],"wp:term":[{"taxonomy":"product_brand","embeddable":true,"href":"https:\/\/www.komad.com\/hr\/wp-json\/wp\/v2\/product_brand?post=23413"},{"taxonomy":"product_cat","embeddable":true,"href":"https:\/\/www.komad.com\/hr\/wp-json\/wp\/v2\/product_cat?post=23413"},{"taxonomy":"product_tag","embeddable":true,"href":"https:\/\/www.komad.com\/hr\/wp-json\/wp\/v2\/product_tag?post=23413"}],"curies":[{"name":"wp","href":"https:\/\/api.w.org\/{rel}","templated":true}]}}