{"id":23395,"date":"2023-09-18T12:08:05","date_gmt":"2023-09-18T10:08:05","guid":{"rendered":"https:\/\/www.komad.com\/product\/charm-crni-poplin\/"},"modified":"2023-09-18T12:08:05","modified_gmt":"2023-09-18T10:08:05","slug":"charm-crni-poplin","status":"publish","type":"product","link":"https:\/\/www.komad.com\/hr\/product\/charm-crni-poplin\/","title":{"rendered":"CHARM crni poplin"},"content":{"rendered":"<p>VELI\u010cINA univerzalna (36-38)<br \/>\nBOJA: crna<br \/>\nMATERIJAL: 100% pamu\u010dno vlakno<\/p>\n<p>\/ du\u017eina (od struka) 84cm<br \/>\n\/ opseg struka (podesivo) max. 82cm<br \/>\n\/ opseg bokova 120cm<\/p>\n","protected":false},"excerpt":{"rendered":"<p>Suknja midi du\u017eine do polovine listova, le\u017eernog kroja. Traka u\u0161ivena u rub suknje omogu\u0107ava pode\u0161avanje \u0161irine (vezanjem), a slu\u017ei i kao zanimljiv ukrasni detalj. U bo\u010dni \u0161av suknje, sa svake stane u\u0161iveni su d\u017eepovi. Suknja nema podstavu.<\/p>\n<p>Model nosi veli\u010dinu 36-38 i visoka je 170cm.<\/p>\n","protected":false},"featured_media":23387,"comment_status":"closed","ping_status":"closed","template":"","meta":[],"product_brand":[],"product_cat":[86,94],"product_tag":[125],"class_list":{"0":"post-23395","1":"product","2":"type-product","3":"status-publish","4":"has-post-thumbnail","6":"product_cat-odjeca","7":"product_cat-suknje","8":"product_tag-komad-hr","10":"first","11":"instock","12":"taxable","13":"shipping-taxable","14":"purchasable","15":"product-type-simple"},"_links":{"self":[{"href":"https:\/\/www.komad.com\/hr\/wp-json\/wp\/v2\/product\/23395","targetHints":{"allow":["GET"]}}],"collection":[{"href":"https:\/\/www.komad.com\/hr\/wp-json\/wp\/v2\/product"}],"about":[{"href":"https:\/\/www.komad.com\/hr\/wp-json\/wp\/v2\/types\/product"}],"replies":[{"embeddable":true,"href":"https:\/\/www.komad.com\/hr\/wp-json\/wp\/v2\/comments?post=23395"}],"wp:featuredmedia":[{"embeddable":true,"href":"https:\/\/www.komad.com\/hr\/wp-json\/wp\/v2\/media\/23387"}],"wp:attachment":[{"href":"https:\/\/www.komad.com\/hr\/wp-json\/wp\/v2\/media?parent=23395"}],"wp:term":[{"taxonomy":"product_brand","embeddable":true,"href":"https:\/\/www.komad.com\/hr\/wp-json\/wp\/v2\/product_brand?post=23395"},{"taxonomy":"product_cat","embeddable":true,"href":"https:\/\/www.komad.com\/hr\/wp-json\/wp\/v2\/product_cat?post=23395"},{"taxonomy":"product_tag","embeddable":true,"href":"https:\/\/www.komad.com\/hr\/wp-json\/wp\/v2\/product_tag?post=23395"}],"curies":[{"name":"wp","href":"https:\/\/api.w.org\/{rel}","templated":true}]}}