{"id":23362,"date":"2023-09-18T12:01:49","date_gmt":"2023-09-18T10:01:49","guid":{"rendered":"https:\/\/www.komad.com\/product\/bow-long-lan\/"},"modified":"2024-02-12T12:34:19","modified_gmt":"2024-02-12T11:34:19","slug":"bow-long-lan","status":"publish","type":"product","link":"https:\/\/www.komad.com\/hr\/product\/bow-long-lan\/","title":{"rendered":"BOW LONG lan"},"content":{"rendered":"<p>VELI\u010cINA univerzalna (36-38)<br \/>\nBOJA: crna<br \/>\nMATERIJAL: 55% lan, 45% viskozno vlakno<\/p>\n<p>\/ du\u017eina nogavice (od struka) 107cm<br \/>\n\/ opseg struka (podesivo) max. 84cm<br \/>\n\/ opseg bokova 115cm<\/p>\n","protected":false},"excerpt":{"rendered":"<p>Hla\u010de visokog struka sa \u0161irokim i duga\u010dkim nogavicama. Traka u\u0161ivena u rub hla\u010da omogu\u0107ava pode\u0161avanje \u0161irine (vezanjem), a tako\u0111er slu\u017ei i kao zanimljiv ukrasni detalj.\u2028Hla\u010de su \u0161irokog kroja, imaju zatvara\u010d na stra\u017enjem dijelu i d\u017eepove sa strane.<br \/>\nBonus informacija: Visoki struk i duga\u010dke nogavice vizualno produljuju noge!<\/p>\n<p>Model nosi veli\u010dinu 36-38 i visoka je 170cm.<\/p>\n","protected":false},"featured_media":23360,"comment_status":"closed","ping_status":"closed","template":"","meta":[],"product_brand":[],"product_cat":[88,86],"product_tag":[],"class_list":{"0":"post-23362","1":"product","2":"type-product","3":"status-publish","4":"has-post-thumbnail","6":"product_cat-hlace-i-kratke-hlace","7":"product_cat-odjeca","9":"first","10":"outofstock","11":"taxable","12":"shipping-taxable","13":"purchasable","14":"product-type-simple"},"_links":{"self":[{"href":"https:\/\/www.komad.com\/hr\/wp-json\/wp\/v2\/product\/23362","targetHints":{"allow":["GET"]}}],"collection":[{"href":"https:\/\/www.komad.com\/hr\/wp-json\/wp\/v2\/product"}],"about":[{"href":"https:\/\/www.komad.com\/hr\/wp-json\/wp\/v2\/types\/product"}],"replies":[{"embeddable":true,"href":"https:\/\/www.komad.com\/hr\/wp-json\/wp\/v2\/comments?post=23362"}],"wp:featuredmedia":[{"embeddable":true,"href":"https:\/\/www.komad.com\/hr\/wp-json\/wp\/v2\/media\/23360"}],"wp:attachment":[{"href":"https:\/\/www.komad.com\/hr\/wp-json\/wp\/v2\/media?parent=23362"}],"wp:term":[{"taxonomy":"product_brand","embeddable":true,"href":"https:\/\/www.komad.com\/hr\/wp-json\/wp\/v2\/product_brand?post=23362"},{"taxonomy":"product_cat","embeddable":true,"href":"https:\/\/www.komad.com\/hr\/wp-json\/wp\/v2\/product_cat?post=23362"},{"taxonomy":"product_tag","embeddable":true,"href":"https:\/\/www.komad.com\/hr\/wp-json\/wp\/v2\/product_tag?post=23362"}],"curies":[{"name":"wp","href":"https:\/\/api.w.org\/{rel}","templated":true}]}}