{"id":23320,"date":"2023-09-18T11:50:49","date_gmt":"2023-09-18T09:50:49","guid":{"rendered":"https:\/\/www.komad.com\/product\/elegant-sleeve-crna\/"},"modified":"2023-09-18T11:50:49","modified_gmt":"2023-09-18T09:50:49","slug":"elegant-sleeve-crna","status":"publish","type":"product","link":"https:\/\/www.komad.com\/hr\/product\/elegant-sleeve-crna\/","title":{"rendered":"ELEGANT SLEEVE crna"},"content":{"rendered":"<p>VELI\u010cINA univerzalna (36-38)<br \/>\nBOJA: crna<br \/>\nMATERIJAL: baza 100% pamu\u010dno vlakno, rukavi 95% viskoza, 5% spandex<\/p>\n<p>\/ du\u017eina prednjeg dijela (najkra\u0107i dio) 45cm\u2028\/ du\u017eina stra\u017enjeg dijela (najdu\u017ei dio) 70cm\u2028\/ \u0161irina ramena 38cm\u2028\/ opseg prsa 110cm<\/p>\n","protected":false},"excerpt":{"rendered":"<p>Prednji i stra\u017enji dio topa izra\u0111eni su od 100% pamu\u010dnog popelina, dok su 3\/4 rukavi mje\u0161avina mekane viskoze i spandexa.\u2028Prednja strana je kra\u0107a, stra\u017enja dulja zbog \u010dega topi\u0107 elegantno pada.<br \/>\n\u2028Model nosi veli\u010dinu 36-38 i visoka je 170cm.<\/p>\n","protected":false},"featured_media":23306,"comment_status":"closed","ping_status":"closed","template":"","meta":[],"product_brand":[],"product_cat":[86,98],"product_tag":[],"class_list":{"0":"post-23320","1":"product","2":"type-product","3":"status-publish","4":"has-post-thumbnail","6":"product_cat-odjeca","7":"product_cat-topovi","9":"first","10":"instock","11":"taxable","12":"shipping-taxable","13":"purchasable","14":"product-type-simple"},"_links":{"self":[{"href":"https:\/\/www.komad.com\/hr\/wp-json\/wp\/v2\/product\/23320","targetHints":{"allow":["GET"]}}],"collection":[{"href":"https:\/\/www.komad.com\/hr\/wp-json\/wp\/v2\/product"}],"about":[{"href":"https:\/\/www.komad.com\/hr\/wp-json\/wp\/v2\/types\/product"}],"replies":[{"embeddable":true,"href":"https:\/\/www.komad.com\/hr\/wp-json\/wp\/v2\/comments?post=23320"}],"wp:featuredmedia":[{"embeddable":true,"href":"https:\/\/www.komad.com\/hr\/wp-json\/wp\/v2\/media\/23306"}],"wp:attachment":[{"href":"https:\/\/www.komad.com\/hr\/wp-json\/wp\/v2\/media?parent=23320"}],"wp:term":[{"taxonomy":"product_brand","embeddable":true,"href":"https:\/\/www.komad.com\/hr\/wp-json\/wp\/v2\/product_brand?post=23320"},{"taxonomy":"product_cat","embeddable":true,"href":"https:\/\/www.komad.com\/hr\/wp-json\/wp\/v2\/product_cat?post=23320"},{"taxonomy":"product_tag","embeddable":true,"href":"https:\/\/www.komad.com\/hr\/wp-json\/wp\/v2\/product_tag?post=23320"}],"curies":[{"name":"wp","href":"https:\/\/api.w.org\/{rel}","templated":true}]}}