{"id":23282,"date":"2023-09-18T11:41:49","date_gmt":"2023-09-18T09:41:49","guid":{"rendered":"https:\/\/www.komad.com\/product\/bomber-j-crna-2\/"},"modified":"2023-09-18T11:48:03","modified_gmt":"2023-09-18T09:48:03","slug":"bomber-j-crna-2","status":"publish","type":"product","link":"https:\/\/www.komad.com\/hr\/product\/bomber-j-crna-2\/","title":{"rendered":"BOMBER-J crna"},"content":{"rendered":"<p>BOJA: crna<br \/>\nMATERIJAL: 100% vuna, unutra\u0161njost 100% pamuk<\/p>\n<p>L<br \/>\n\/ duljina (od najvi\u0161e to\u010dke ramena) 64cm<br \/>\n\/ duljina rukava (od najvi\u0161e to\u010dke ramena) 68cm<br \/>\n\/ \u0161irina 60cm<\/p>\n<p>XL<br \/>\n\/ duljina (od najvi\u0161e to\u010dke ramena) 66cm<br \/>\n\/ duljina rukava (od najvi\u0161e to\u010dke ramena) 70cm<br \/>\n\/ \u0161irina 62cm<\/p>\n","protected":false},"excerpt":{"rendered":"<p>BOMBER J savr\u0161ena je jakna za prijelazno vrijeme: jesen, ranu zimu ili prolje\u0107e.<br \/>\nJakna ima baseball ovratnik, patentni zatvara\u010d, rebraste rubove, pamu\u010dnu podstavu i dva bo\u010dna d\u017eepa.<br \/>\nRegular fit kroj lagano prianja uz tijelo &#8211; ne pre\u0161iroko, ali ni preusko, jednostavno savr\u0161eno!<\/p>\n<p>Model je visine 170cm.<\/p>\n","protected":false},"featured_media":23272,"comment_status":"closed","ping_status":"closed","template":"","meta":[],"product_brand":[],"product_cat":[97,86],"product_tag":[125],"class_list":{"0":"post-23282","1":"product","2":"type-product","3":"status-publish","4":"has-post-thumbnail","6":"product_cat-jakne-i-ogrtaci","7":"product_cat-odjeca","8":"product_tag-komad-hr","10":"first","11":"instock","12":"taxable","13":"shipping-taxable","14":"purchasable","15":"product-type-variable","16":"has-default-attributes"},"_links":{"self":[{"href":"https:\/\/www.komad.com\/hr\/wp-json\/wp\/v2\/product\/23282","targetHints":{"allow":["GET"]}}],"collection":[{"href":"https:\/\/www.komad.com\/hr\/wp-json\/wp\/v2\/product"}],"about":[{"href":"https:\/\/www.komad.com\/hr\/wp-json\/wp\/v2\/types\/product"}],"replies":[{"embeddable":true,"href":"https:\/\/www.komad.com\/hr\/wp-json\/wp\/v2\/comments?post=23282"}],"wp:featuredmedia":[{"embeddable":true,"href":"https:\/\/www.komad.com\/hr\/wp-json\/wp\/v2\/media\/23272"}],"wp:attachment":[{"href":"https:\/\/www.komad.com\/hr\/wp-json\/wp\/v2\/media?parent=23282"}],"wp:term":[{"taxonomy":"product_brand","embeddable":true,"href":"https:\/\/www.komad.com\/hr\/wp-json\/wp\/v2\/product_brand?post=23282"},{"taxonomy":"product_cat","embeddable":true,"href":"https:\/\/www.komad.com\/hr\/wp-json\/wp\/v2\/product_cat?post=23282"},{"taxonomy":"product_tag","embeddable":true,"href":"https:\/\/www.komad.com\/hr\/wp-json\/wp\/v2\/product_tag?post=23282"}],"curies":[{"name":"wp","href":"https:\/\/api.w.org\/{rel}","templated":true}]}}