{"id":23194,"date":"2023-09-18T10:32:22","date_gmt":"2023-09-18T08:32:22","guid":{"rendered":"https:\/\/www.komad.com\/product\/bomber-j-plava\/"},"modified":"2023-09-18T10:32:22","modified_gmt":"2023-09-18T08:32:22","slug":"bomber-j-plava","status":"publish","type":"product","link":"https:\/\/www.komad.com\/hr\/product\/bomber-j-plava\/","title":{"rendered":"BOMBER-J plava"},"content":{"rendered":"<p>BOJA: plava<br \/>\nMATERIJAL: 100% PES, unutra\u0161njost 100% pamuk<\/p>\n<p>L<br \/>\n\/ duljina (od najvi\u0161e to\u010dke ramena) 64cm<br \/>\n\/ duljina rukava (od najvi\u0161e to\u010dke ramena) 68cm<br \/>\n\/ \u0161irina 60cm<\/p>\n<p>XL<br \/>\n\/ duljina (od najvi\u0161e to\u010dke ramena) 66cm<br \/>\n\/ duljina rukava (od najvi\u0161e to\u010dke ramena) 70cm<br \/>\n\/ \u0161irina 62cm<\/p>\n","protected":false},"excerpt":{"rendered":"<p>BOMBER J savr\u0161ena je jakna za prijelazno vrijeme: jesen, ranu zimu ili prolje\u0107e.<br \/>\nJakna ima baseball ovratnik, patentni zatvara\u010d, rebraste rubove, pamu\u010dnu podstavu i dva bo\u010dna d\u017eepa.<br \/>\nRegular fit kroj lagano prianja uz tijelo &#8211; ne pre\u0161iroko, ali ni preusko, jednostavno savr\u0161eno!<br \/>\nEkstra savjet: predimenzionirane bomber jakne izgledaju super i na \u017eenama!<\/p>\n<p>Model je visok 185cm i nosi veli\u010dinu L.<\/p>\n","protected":false},"featured_media":23173,"comment_status":"closed","ping_status":"closed","template":"","meta":[],"product_brand":[],"product_cat":[282],"product_tag":[125],"class_list":{"0":"post-23194","1":"product","2":"type-product","3":"status-publish","4":"has-post-thumbnail","6":"product_cat-odjeca-muskarci","7":"product_tag-komad-hr","9":"first","10":"outofstock","11":"taxable","12":"shipping-taxable","13":"purchasable","14":"product-type-variable","15":"has-default-attributes"},"_links":{"self":[{"href":"https:\/\/www.komad.com\/hr\/wp-json\/wp\/v2\/product\/23194","targetHints":{"allow":["GET"]}}],"collection":[{"href":"https:\/\/www.komad.com\/hr\/wp-json\/wp\/v2\/product"}],"about":[{"href":"https:\/\/www.komad.com\/hr\/wp-json\/wp\/v2\/types\/product"}],"replies":[{"embeddable":true,"href":"https:\/\/www.komad.com\/hr\/wp-json\/wp\/v2\/comments?post=23194"}],"wp:featuredmedia":[{"embeddable":true,"href":"https:\/\/www.komad.com\/hr\/wp-json\/wp\/v2\/media\/23173"}],"wp:attachment":[{"href":"https:\/\/www.komad.com\/hr\/wp-json\/wp\/v2\/media?parent=23194"}],"wp:term":[{"taxonomy":"product_brand","embeddable":true,"href":"https:\/\/www.komad.com\/hr\/wp-json\/wp\/v2\/product_brand?post=23194"},{"taxonomy":"product_cat","embeddable":true,"href":"https:\/\/www.komad.com\/hr\/wp-json\/wp\/v2\/product_cat?post=23194"},{"taxonomy":"product_tag","embeddable":true,"href":"https:\/\/www.komad.com\/hr\/wp-json\/wp\/v2\/product_tag?post=23194"}],"curies":[{"name":"wp","href":"https:\/\/api.w.org\/{rel}","templated":true}]}}