{"id":23100,"date":"2023-09-18T10:17:35","date_gmt":"2023-09-18T08:17:35","guid":{"rendered":"https:\/\/www.komad.com\/product\/jump-t-crna\/"},"modified":"2023-09-18T10:17:35","modified_gmt":"2023-09-18T08:17:35","slug":"jump-t-crna","status":"publish","type":"product","link":"https:\/\/www.komad.com\/hr\/product\/jump-t-crna\/","title":{"rendered":"JUMP-T crna"},"content":{"rendered":"<p>BOJA: crna<br \/>\nMATERIJAL: 67% pamuk, 33% PES<\/p>\n<p>L<br \/>\n\/ duljina (od najvi\u0161e to\u010dke ramena) 78cm<br \/>\n\/ duljina rukava (od najvi\u0161e to\u010dke ramena) 73cm<br \/>\n\/ \u0161irina 66cm<\/p>\n<p>XL<br \/>\n\/ duljina (od najvi\u0161e to\u010dke ramena) 80cm<br \/>\n\/ duljina rukava (od najvi\u0161e to\u010dke ramena) 75cm<br \/>\n\/ \u0161irina 68cm<\/p>\n","protected":false},"excerpt":{"rendered":"<p>Udoban i topao d\u017eemper \u0161irokog ovratnika izra\u0111en od pletiva u mje\u0161avini pamuka. D\u017eemper ima spu\u0161tena ramena i \u0161iroke rukave. Dolazi u regular fit kroju: nije pre\u0161irok niti preuzak.<br \/>\nIde uz sve: traperice, trenirku ili elegantne hla\u010de. Jednostavno savr\u0161en! <\/p>\n<p>Model je visok 185 cm i nosi veli\u010dinu L.<\/p>\n","protected":false},"featured_media":23089,"comment_status":"closed","ping_status":"closed","template":"","meta":[],"product_brand":[],"product_cat":[282],"product_tag":[],"class_list":{"0":"post-23100","1":"product","2":"type-product","3":"status-publish","4":"has-post-thumbnail","6":"product_cat-odjeca-muskarci","8":"first","9":"instock","10":"taxable","11":"shipping-taxable","12":"purchasable","13":"product-type-variable","14":"has-default-attributes"},"_links":{"self":[{"href":"https:\/\/www.komad.com\/hr\/wp-json\/wp\/v2\/product\/23100","targetHints":{"allow":["GET"]}}],"collection":[{"href":"https:\/\/www.komad.com\/hr\/wp-json\/wp\/v2\/product"}],"about":[{"href":"https:\/\/www.komad.com\/hr\/wp-json\/wp\/v2\/types\/product"}],"replies":[{"embeddable":true,"href":"https:\/\/www.komad.com\/hr\/wp-json\/wp\/v2\/comments?post=23100"}],"wp:featuredmedia":[{"embeddable":true,"href":"https:\/\/www.komad.com\/hr\/wp-json\/wp\/v2\/media\/23089"}],"wp:attachment":[{"href":"https:\/\/www.komad.com\/hr\/wp-json\/wp\/v2\/media?parent=23100"}],"wp:term":[{"taxonomy":"product_brand","embeddable":true,"href":"https:\/\/www.komad.com\/hr\/wp-json\/wp\/v2\/product_brand?post=23100"},{"taxonomy":"product_cat","embeddable":true,"href":"https:\/\/www.komad.com\/hr\/wp-json\/wp\/v2\/product_cat?post=23100"},{"taxonomy":"product_tag","embeddable":true,"href":"https:\/\/www.komad.com\/hr\/wp-json\/wp\/v2\/product_tag?post=23100"}],"curies":[{"name":"wp","href":"https:\/\/api.w.org\/{rel}","templated":true}]}}