{"id":23043,"date":"2023-09-18T10:02:18","date_gmt":"2023-09-18T08:02:18","guid":{"rendered":"https:\/\/www.komad.com\/product\/uni-t-crna\/"},"modified":"2023-09-18T10:02:18","modified_gmt":"2023-09-18T08:02:18","slug":"uni-t-crna","status":"publish","type":"product","link":"https:\/\/www.komad.com\/hr\/product\/uni-t-crna\/","title":{"rendered":"UNI-T crna"},"content":{"rendered":"<p>BOJA: crna<br \/>\nMATERIJAL: 95% viskoza, 5% spandex<\/p>\n<p>L<br \/>\n\/ duljina (od najvi\u0161e to\u010dke ramena) 72cm<br \/>\n\/ \u0161irina ramena 60cm<br \/>\n\/ \u0161irina prsa 64cm<\/p>\n<p>XL<br \/>\n\/ duljina (od najvi\u0161e to\u010dke ramena) 74cm<br \/>\n\/ \u0161irina ramena 62cm<br \/>\n\/ \u0161irina prsa 66cm<\/p>\n","protected":false},"excerpt":{"rendered":"<p>Majica UNI-T izra\u0111ena je od super mekane mje\u0161avine viskoze i spandexa.<br \/>\nUNI-T ima kratke rukave, okrugli izrez i zanimljiv detalj sprijeda &#8211; (potpuno funkcionalan) pamu\u010dni d\u017eep!<br \/>\nLe\u017eernog je kroja i udobno prati oblik tvojeg tijela.<br \/>\nZna\u0161, ova slatka majica odli\u010dno stoji i \u017eenama!<\/p>\n<p>Model je visok 185 cm i nosi veli\u010dinu L.<\/p>\n","protected":false},"featured_media":23024,"comment_status":"closed","ping_status":"closed","template":"","meta":[],"product_brand":[],"product_cat":[282],"product_tag":[125],"class_list":{"0":"post-23043","1":"product","2":"type-product","3":"status-publish","4":"has-post-thumbnail","6":"product_cat-odjeca-muskarci","7":"product_tag-komad-hr","9":"first","10":"instock","11":"taxable","12":"shipping-taxable","13":"purchasable","14":"product-type-variable","15":"has-default-attributes"},"_links":{"self":[{"href":"https:\/\/www.komad.com\/hr\/wp-json\/wp\/v2\/product\/23043","targetHints":{"allow":["GET"]}}],"collection":[{"href":"https:\/\/www.komad.com\/hr\/wp-json\/wp\/v2\/product"}],"about":[{"href":"https:\/\/www.komad.com\/hr\/wp-json\/wp\/v2\/types\/product"}],"replies":[{"embeddable":true,"href":"https:\/\/www.komad.com\/hr\/wp-json\/wp\/v2\/comments?post=23043"}],"wp:featuredmedia":[{"embeddable":true,"href":"https:\/\/www.komad.com\/hr\/wp-json\/wp\/v2\/media\/23024"}],"wp:attachment":[{"href":"https:\/\/www.komad.com\/hr\/wp-json\/wp\/v2\/media?parent=23043"}],"wp:term":[{"taxonomy":"product_brand","embeddable":true,"href":"https:\/\/www.komad.com\/hr\/wp-json\/wp\/v2\/product_brand?post=23043"},{"taxonomy":"product_cat","embeddable":true,"href":"https:\/\/www.komad.com\/hr\/wp-json\/wp\/v2\/product_cat?post=23043"},{"taxonomy":"product_tag","embeddable":true,"href":"https:\/\/www.komad.com\/hr\/wp-json\/wp\/v2\/product_tag?post=23043"}],"curies":[{"name":"wp","href":"https:\/\/api.w.org\/{rel}","templated":true}]}}