{"id":22700,"date":"2020-12-15T13:32:08","date_gmt":"2020-12-15T12:32:08","guid":{"rendered":"https:\/\/www.komad.com\/product\/coin-manager-noj\/"},"modified":"2022-12-15T13:32:08","modified_gmt":"2022-12-15T12:32:08","slug":"coin-manager-noj","status":"publish","type":"product","link":"https:\/\/www.komad.com\/hr\/product\/coin-manager-noj\/","title":{"rendered":"Coin Manager Noj"},"content":{"rendered":"<p>\/ dimenzije<br \/>\n\u0161irina: 10cm<br \/>\nvisina: 9cm<\/p>\n<p>* mogu\u0107a su minimalna odstupanja u boji proizvoda &#8220;u\u017eivo&#8221; i na webu<\/p>\n","protected":false},"excerpt":{"rendered":"<p>Ovaj mini nov\u010danik dobro \u010duva i dr\u017ei pod kontrolom sve tvoje kovanice. Otvara se easy-SQUEEZY super lako \ud83d\ude42 i stane i u najmanju mini torbicu.<br \/>\nMoj deda imao je nov\u010danik ovog tipa pa je ovo posveta svim dedama na Zemlji!<br \/>\nPrakti\u010dno, slatko i izra\u0111eno od prave ko\u017ee.<\/p>\n<p>** navijamo da uvijek bude pun do vrha<\/p>\n","protected":false},"featured_media":22638,"comment_status":"closed","ping_status":"closed","template":"","meta":[],"product_brand":[],"product_cat":[91,92],"product_tag":[124,268],"class_list":{"0":"post-22700","1":"product","2":"type-product","3":"status-publish","4":"has-post-thumbnail","6":"product_cat-baggiz-torbe","7":"product_cat-novcanici","8":"product_tag-baggiz-hr","9":"product_tag-wallet-hr","11":"first","12":"instock","13":"taxable","14":"shipping-taxable","15":"purchasable","16":"product-type-simple"},"_links":{"self":[{"href":"https:\/\/www.komad.com\/hr\/wp-json\/wp\/v2\/product\/22700","targetHints":{"allow":["GET"]}}],"collection":[{"href":"https:\/\/www.komad.com\/hr\/wp-json\/wp\/v2\/product"}],"about":[{"href":"https:\/\/www.komad.com\/hr\/wp-json\/wp\/v2\/types\/product"}],"replies":[{"embeddable":true,"href":"https:\/\/www.komad.com\/hr\/wp-json\/wp\/v2\/comments?post=22700"}],"wp:featuredmedia":[{"embeddable":true,"href":"https:\/\/www.komad.com\/hr\/wp-json\/wp\/v2\/media\/22638"}],"wp:attachment":[{"href":"https:\/\/www.komad.com\/hr\/wp-json\/wp\/v2\/media?parent=22700"}],"wp:term":[{"taxonomy":"product_brand","embeddable":true,"href":"https:\/\/www.komad.com\/hr\/wp-json\/wp\/v2\/product_brand?post=22700"},{"taxonomy":"product_cat","embeddable":true,"href":"https:\/\/www.komad.com\/hr\/wp-json\/wp\/v2\/product_cat?post=22700"},{"taxonomy":"product_tag","embeddable":true,"href":"https:\/\/www.komad.com\/hr\/wp-json\/wp\/v2\/product_tag?post=22700"}],"curies":[{"name":"wp","href":"https:\/\/api.w.org\/{rel}","templated":true}]}}