{"id":22209,"date":"2022-09-05T14:19:01","date_gmt":"2022-09-05T12:19:01","guid":{"rendered":"https:\/\/www.komad.com\/product\/haljina-elle-kobalt\/"},"modified":"2022-09-05T14:19:01","modified_gmt":"2022-09-05T12:19:01","slug":"haljina-elle-kobalt","status":"publish","type":"product","link":"https:\/\/www.komad.com\/hr\/product\/haljina-elle-kobalt\/","title":{"rendered":"Haljina ELLE kobalt"},"content":{"rendered":"<p>BOJA: kobalt plava<br \/>\nMATERIJAL: 100% pamuk<\/p>\n<p>M (36-38)<br \/>\n\/ du\u017eina (od najvi\u0161e to\u010dke ramena) 82cm<br \/>\n\/ du\u017eina rukava (od ramenog \u0161ava) 42cm<br \/>\n\/ opseg struka 110cm<br \/>\n\/ opseg bokova 130cm<\/p>\n<p>L (40-42)<br \/>\n\/ du\u017eina (od najvi\u0161e to\u010dke ramena) 84cm<br \/>\n\/ du\u017eina rukava (od ramenog \u0161ava) 44cm<br \/>\n\/ opseg struka 115cm<br \/>\n\/ opseg bokova 135cm<\/p>\n","protected":false},"excerpt":{"rendered":"<p>Mini haljina sa 3\/4 rukavima i dubokim v izrezom, izra\u0111ena od 100% pamu\u010dnog popelina.<br \/>\nU bo\u010dnim \u0161avovima haljine nalaze se d\u017eepovi, haljina nije podstavljena.<br \/>\nOvu kratku haljinicu mo\u017ee\u0161 nositi i kao tuniku.<\/p>\n<p>Model nosi veli\u010dinu M i visoka je 170cm.<\/p>\n","protected":false},"featured_media":22344,"comment_status":"closed","ping_status":"closed","template":"","meta":[],"product_brand":[],"product_cat":[87,86],"product_tag":[120,125],"class_list":{"0":"post-22209","1":"product","2":"type-product","3":"status-publish","4":"has-post-thumbnail","6":"product_cat-haljine","7":"product_cat-odjeca","8":"product_tag-haljina","9":"product_tag-komad-hr","11":"first","12":"instock","13":"taxable","14":"shipping-taxable","15":"purchasable","16":"product-type-variable"},"_links":{"self":[{"href":"https:\/\/www.komad.com\/hr\/wp-json\/wp\/v2\/product\/22209","targetHints":{"allow":["GET"]}}],"collection":[{"href":"https:\/\/www.komad.com\/hr\/wp-json\/wp\/v2\/product"}],"about":[{"href":"https:\/\/www.komad.com\/hr\/wp-json\/wp\/v2\/types\/product"}],"replies":[{"embeddable":true,"href":"https:\/\/www.komad.com\/hr\/wp-json\/wp\/v2\/comments?post=22209"}],"wp:featuredmedia":[{"embeddable":true,"href":"https:\/\/www.komad.com\/hr\/wp-json\/wp\/v2\/media\/22344"}],"wp:attachment":[{"href":"https:\/\/www.komad.com\/hr\/wp-json\/wp\/v2\/media?parent=22209"}],"wp:term":[{"taxonomy":"product_brand","embeddable":true,"href":"https:\/\/www.komad.com\/hr\/wp-json\/wp\/v2\/product_brand?post=22209"},{"taxonomy":"product_cat","embeddable":true,"href":"https:\/\/www.komad.com\/hr\/wp-json\/wp\/v2\/product_cat?post=22209"},{"taxonomy":"product_tag","embeddable":true,"href":"https:\/\/www.komad.com\/hr\/wp-json\/wp\/v2\/product_tag?post=22209"}],"curies":[{"name":"wp","href":"https:\/\/api.w.org\/{rel}","templated":true}]}}