{"id":22117,"date":"2022-09-05T13:47:30","date_gmt":"2022-09-05T11:47:30","guid":{"rendered":"https:\/\/www.komad.com\/product\/majica-ester\/"},"modified":"2023-03-06T23:05:37","modified_gmt":"2023-03-06T22:05:37","slug":"majica-ester","status":"publish","type":"product","link":"https:\/\/www.komad.com\/hr\/product\/majica-ester\/","title":{"rendered":"Majica ESTER"},"content":{"rendered":"<p>MATERIJAL\u00a095% viskoza, 5% spandex, prednji dio 100% PES vlakno<\/p>\n<p>VELI\u010cINA\u00a0univerzalna (S-L)<br \/>\n\/ prednja duljina 49cm<br \/>\n\/ stra\u017enja duljina 65cm<br \/>\n\/ \u0161irina 70cm<\/p>\n","protected":false},"excerpt":{"rendered":"<p>Upe\u010datljiva majica simetri\u010dnog kroja izra\u0111ena od mekanog, laganog, viskoznog materijala sa prednjim dodatkom od mekanog pli\u0161a.<br \/>\n\/ le\u017eeran kroj \/\u00a03\/4 rukavi \/\u00a0bez podstave<\/p>\n","protected":false},"featured_media":22106,"comment_status":"closed","ping_status":"closed","template":"","meta":[],"product_brand":[],"product_cat":[86,98],"product_tag":[125,122],"class_list":{"0":"post-22117","1":"product","2":"type-product","3":"status-publish","4":"has-post-thumbnail","6":"product_cat-odjeca","7":"product_cat-topovi","8":"product_tag-komad-hr","9":"product_tag-majica","11":"first","12":"instock","13":"taxable","14":"shipping-taxable","15":"purchasable","16":"product-type-simple"},"_links":{"self":[{"href":"https:\/\/www.komad.com\/hr\/wp-json\/wp\/v2\/product\/22117","targetHints":{"allow":["GET"]}}],"collection":[{"href":"https:\/\/www.komad.com\/hr\/wp-json\/wp\/v2\/product"}],"about":[{"href":"https:\/\/www.komad.com\/hr\/wp-json\/wp\/v2\/types\/product"}],"replies":[{"embeddable":true,"href":"https:\/\/www.komad.com\/hr\/wp-json\/wp\/v2\/comments?post=22117"}],"wp:featuredmedia":[{"embeddable":true,"href":"https:\/\/www.komad.com\/hr\/wp-json\/wp\/v2\/media\/22106"}],"wp:attachment":[{"href":"https:\/\/www.komad.com\/hr\/wp-json\/wp\/v2\/media?parent=22117"}],"wp:term":[{"taxonomy":"product_brand","embeddable":true,"href":"https:\/\/www.komad.com\/hr\/wp-json\/wp\/v2\/product_brand?post=22117"},{"taxonomy":"product_cat","embeddable":true,"href":"https:\/\/www.komad.com\/hr\/wp-json\/wp\/v2\/product_cat?post=22117"},{"taxonomy":"product_tag","embeddable":true,"href":"https:\/\/www.komad.com\/hr\/wp-json\/wp\/v2\/product_tag?post=22117"}],"curies":[{"name":"wp","href":"https:\/\/api.w.org\/{rel}","templated":true}]}}