{"id":22017,"date":"2022-09-05T13:21:45","date_gmt":"2022-09-05T11:21:45","guid":{"rendered":"https:\/\/www.komad.com\/product\/haljina-eni-kobalt\/"},"modified":"2023-03-19T10:54:27","modified_gmt":"2023-03-19T09:54:27","slug":"haljina-eni-kobalt","status":"publish","type":"product","link":"https:\/\/www.komad.com\/hr\/product\/haljina-eni-kobalt\/","title":{"rendered":"Haljina ENI kobalt"},"content":{"rendered":"<p>BOJA: kobalt plava<br \/>\nMATERIJAL: 100% pamuk<\/p>\n<p>M (36-38)<br \/>\n\/ du\u017eina (od najvi\u0161e to\u010dke ramena) 125cm<br \/>\n\/ opseg struka (podesivo) max 110cm<br \/>\n\/ opseg bokova (podesivo) max 130cm<\/p>\n<p>L (40-42)<br \/>\n\/ du\u017eina (od najvi\u0161e to\u010dke ramena) 127cm<br \/>\n\/ opseg struka (podesivo) max 115cm<br \/>\n\/ opseg bokova (podesivo) max 135cm<\/p>\n","protected":false},"excerpt":{"rendered":"<p>Midi haljina bez rukava, okruglog ovratnika, izra\u0111ena od 100% pamu\u010dnog popelina.<br \/>\nU bo\u010dne strane haljine, na visinu struka u\u0161ivene su dvije \u0161iroke i duga\u010dke trake. Njima se mo\u017ee\u0161 malo poigrati: ve\u017ei ih oko struka, sprijeda, straga, sa strane, ili ih jednostavno pusti da padnu na stranu&#8230;mogu\u0107nosti su razne, prona\u0111i svoju najdra\u017eu!<br \/>\nU bo\u010dnim \u0161avovima haljine nalaze se i d\u017eepovi, haljina nije podstavljena.<\/p>\n<p>Model nosi veli\u010dinu M i visoka je 170cm.<\/p>\n","protected":false},"featured_media":22004,"comment_status":"closed","ping_status":"closed","template":"","meta":[],"product_brand":[],"product_cat":[87,86],"product_tag":[120,125],"class_list":{"0":"post-22017","1":"product","2":"type-product","3":"status-publish","4":"has-post-thumbnail","6":"product_cat-haljine","7":"product_cat-odjeca","8":"product_tag-haljina","9":"product_tag-komad-hr","11":"first","12":"outofstock","13":"taxable","14":"shipping-taxable","15":"purchasable","16":"product-type-variable"},"_links":{"self":[{"href":"https:\/\/www.komad.com\/hr\/wp-json\/wp\/v2\/product\/22017","targetHints":{"allow":["GET"]}}],"collection":[{"href":"https:\/\/www.komad.com\/hr\/wp-json\/wp\/v2\/product"}],"about":[{"href":"https:\/\/www.komad.com\/hr\/wp-json\/wp\/v2\/types\/product"}],"replies":[{"embeddable":true,"href":"https:\/\/www.komad.com\/hr\/wp-json\/wp\/v2\/comments?post=22017"}],"wp:featuredmedia":[{"embeddable":true,"href":"https:\/\/www.komad.com\/hr\/wp-json\/wp\/v2\/media\/22004"}],"wp:attachment":[{"href":"https:\/\/www.komad.com\/hr\/wp-json\/wp\/v2\/media?parent=22017"}],"wp:term":[{"taxonomy":"product_brand","embeddable":true,"href":"https:\/\/www.komad.com\/hr\/wp-json\/wp\/v2\/product_brand?post=22017"},{"taxonomy":"product_cat","embeddable":true,"href":"https:\/\/www.komad.com\/hr\/wp-json\/wp\/v2\/product_cat?post=22017"},{"taxonomy":"product_tag","embeddable":true,"href":"https:\/\/www.komad.com\/hr\/wp-json\/wp\/v2\/product_tag?post=22017"}],"curies":[{"name":"wp","href":"https:\/\/api.w.org\/{rel}","templated":true}]}}