{"id":21949,"date":"2022-09-05T13:06:05","date_gmt":"2022-09-05T11:06:05","guid":{"rendered":"https:\/\/www.komad.com\/product\/hlace-emma\/"},"modified":"2022-12-13T11:39:18","modified_gmt":"2022-12-13T10:39:18","slug":"hlace-emma","status":"publish","type":"product","link":"https:\/\/www.komad.com\/hr\/product\/hlace-emma\/","title":{"rendered":"Hla\u010de EMMA"},"content":{"rendered":"<p>BOJA: crna<br \/>\nMATERIJAL: 55% lan, 45% viskozno vlakno<\/p>\n<p>M (36\/38)<br \/>\n\/ du\u017eina nogavice (od struka) 93cm<br \/>\n\/ opseg struka 80cm<br \/>\n\/ opseg bokova 100cm<\/p>\n<p>L (40\/42)<br \/>\n\/ du\u017eina nogavice (od struka) 95cm<br \/>\n\/ opseg struka 85cm<br \/>\n\/ opseg bokova 105cm<\/p>\n","protected":false},"excerpt":{"rendered":"<p>Hla\u010de \u0161irokih nogavica i visokog struka, duljine iznad gle\u017enja.<br \/>\nOve elegantne hla\u010de minimalisti\u010dkog kroja dolaze u savr\u0161enoj mje\u0161avini lana i viskoze, a zbog visokog struka vizualno izdu\u017euju noge i cijelu figuru.<br \/>\nLako se kombiniraju za dnevne ili ve\u010dernje prigode i savr\u0161eno se sla\u017eu sa gle\u017enja\u010dama, \u0161tiklama ili tenisicama!<br \/>\n\/ le\u017eeran kroj \/ nema podstave \/ zatvara\u010d na bo\u010dnoj strani \/ nema d\u017eepova<\/p>\n<p>Model nosi veli\u010dinu XS i visoka je 170cm.<\/p>\n","protected":false},"featured_media":22362,"comment_status":"closed","ping_status":"closed","template":"","meta":[],"product_brand":[],"product_cat":[88,86],"product_tag":[126,125],"class_list":{"0":"post-21949","1":"product","2":"type-product","3":"status-publish","4":"has-post-thumbnail","6":"product_cat-hlace-i-kratke-hlace","7":"product_cat-odjeca","8":"product_tag-hlace","9":"product_tag-komad-hr","11":"first","12":"instock","13":"taxable","14":"shipping-taxable","15":"purchasable","16":"product-type-variable"},"_links":{"self":[{"href":"https:\/\/www.komad.com\/hr\/wp-json\/wp\/v2\/product\/21949","targetHints":{"allow":["GET"]}}],"collection":[{"href":"https:\/\/www.komad.com\/hr\/wp-json\/wp\/v2\/product"}],"about":[{"href":"https:\/\/www.komad.com\/hr\/wp-json\/wp\/v2\/types\/product"}],"replies":[{"embeddable":true,"href":"https:\/\/www.komad.com\/hr\/wp-json\/wp\/v2\/comments?post=21949"}],"wp:featuredmedia":[{"embeddable":true,"href":"https:\/\/www.komad.com\/hr\/wp-json\/wp\/v2\/media\/22362"}],"wp:attachment":[{"href":"https:\/\/www.komad.com\/hr\/wp-json\/wp\/v2\/media?parent=21949"}],"wp:term":[{"taxonomy":"product_brand","embeddable":true,"href":"https:\/\/www.komad.com\/hr\/wp-json\/wp\/v2\/product_brand?post=21949"},{"taxonomy":"product_cat","embeddable":true,"href":"https:\/\/www.komad.com\/hr\/wp-json\/wp\/v2\/product_cat?post=21949"},{"taxonomy":"product_tag","embeddable":true,"href":"https:\/\/www.komad.com\/hr\/wp-json\/wp\/v2\/product_tag?post=21949"}],"curies":[{"name":"wp","href":"https:\/\/api.w.org\/{rel}","templated":true}]}}