{"id":21841,"date":"2022-09-05T12:39:25","date_gmt":"2022-09-05T10:39:25","guid":{"rendered":"https:\/\/www.komad.com\/product\/kombinezon-elis-bez\/"},"modified":"2022-09-05T12:39:25","modified_gmt":"2022-09-05T10:39:25","slug":"kombinezon-elis-bez","status":"publish","type":"product","link":"https:\/\/www.komad.com\/hr\/product\/kombinezon-elis-bez\/","title":{"rendered":"Kombinezon ELIS be\u017e"},"content":{"rendered":"<p>BOJA: be\u017e vanilija<br \/>\nMATERIJAL: 55% lan, 45% viskoza<\/p>\n<p>M (36-38)<br \/>\n\/ du\u017eina (od najvi\u0161e to\u010dke ramena) 137cm<br \/>\n\/ du\u017eina rukava (od ramenog \u0161ava) 42cm<br \/>\n\/ opseg struka (podesivo) max 110cm<br \/>\n\/ opseg bokova 120cm<\/p>\n<p>L (40-42)<br \/>\n\/ du\u017eina (od najvi\u0161e to\u010dke ramena) 139cm<br \/>\n\/ du\u017eina rukava (od ramenog \u0161ava) 44cm<br \/>\n\/ opseg struka (podesivo) max 115cm<br \/>\n\/ opseg bokova 125cm<\/p>\n","protected":false},"excerpt":{"rendered":"<p>Kombinezon midi du\u017eine sa 3\/4 rukavima i dubokim v izrezom, izra\u0111en od mje\u0161avine lana i viskoze.<br \/>\nU bo\u010dne strane, na visinu struka u\u0161ivene su dvije \u0161iroke i duga\u010dke trake. Njima se mo\u017ee\u0161 malo poigrati: ve\u017ei ih oko struka, sprijeda, straga, sa strane, ili ih jednostavno pusti da padnu na stranu&#8230;mogu\u0107nosti su razne, prona\u0111i svoju najdra\u017eu!<br \/>\nU bo\u010dnim \u0161avovima haljine nalaze se i d\u017eepovi.<\/p>\n<p>Model nosi veli\u010dinu M i visoka je 170cm.<\/p>\n","protected":false},"featured_media":21828,"comment_status":"closed","ping_status":"closed","template":"","meta":[],"product_brand":[],"product_cat":[89,86],"product_tag":[],"class_list":{"0":"post-21841","1":"product","2":"type-product","3":"status-publish","4":"has-post-thumbnail","6":"product_cat-kombinezoni","7":"product_cat-odjeca","9":"first","10":"outofstock","11":"taxable","12":"shipping-taxable","13":"purchasable","14":"product-type-variable"},"_links":{"self":[{"href":"https:\/\/www.komad.com\/hr\/wp-json\/wp\/v2\/product\/21841","targetHints":{"allow":["GET"]}}],"collection":[{"href":"https:\/\/www.komad.com\/hr\/wp-json\/wp\/v2\/product"}],"about":[{"href":"https:\/\/www.komad.com\/hr\/wp-json\/wp\/v2\/types\/product"}],"replies":[{"embeddable":true,"href":"https:\/\/www.komad.com\/hr\/wp-json\/wp\/v2\/comments?post=21841"}],"wp:featuredmedia":[{"embeddable":true,"href":"https:\/\/www.komad.com\/hr\/wp-json\/wp\/v2\/media\/21828"}],"wp:attachment":[{"href":"https:\/\/www.komad.com\/hr\/wp-json\/wp\/v2\/media?parent=21841"}],"wp:term":[{"taxonomy":"product_brand","embeddable":true,"href":"https:\/\/www.komad.com\/hr\/wp-json\/wp\/v2\/product_brand?post=21841"},{"taxonomy":"product_cat","embeddable":true,"href":"https:\/\/www.komad.com\/hr\/wp-json\/wp\/v2\/product_cat?post=21841"},{"taxonomy":"product_tag","embeddable":true,"href":"https:\/\/www.komad.com\/hr\/wp-json\/wp\/v2\/product_tag?post=21841"}],"curies":[{"name":"wp","href":"https:\/\/api.w.org\/{rel}","templated":true}]}}