{"id":21820,"date":"2022-09-05T12:29:05","date_gmt":"2022-09-05T10:29:05","guid":{"rendered":"https:\/\/www.komad.com\/product\/top-elegant\/"},"modified":"2022-09-05T12:29:05","modified_gmt":"2022-09-05T10:29:05","slug":"top-elegant","status":"publish","type":"product","link":"https:\/\/www.komad.com\/hr\/product\/top-elegant\/","title":{"rendered":"Top ELEGANT"},"content":{"rendered":"<p>BOJA: be\u017e vanilija<br \/>\nMATERIJAL: 55% lan, 45% viskozno vlakno<\/p>\n<p>M (36\/38)<br \/>\n\/ du\u017eina prednjeg dijela 45 cm<br \/>\n\/ du\u017eina stra\u017enjeg dijela 70cm<br \/>\n\/ \u0161irina ramena 38cm<br \/>\n\/ opseg prsa 110cm<\/p>\n<p>L (40\/42)<br \/>\n\/ du\u017eina prednjeg dijela 47 cm<br \/>\n\/ du\u017eina stra\u017enjeg dijela 72cm<br \/>\n\/ \u0161irina ramena 40cm<br \/>\n\/ opseg prsa 115cm<\/p>\n","protected":false},"excerpt":{"rendered":"<p>Top bez rukava izra\u0111en je od mekanog laneno\/viskoznog materijala.<br \/>\nKroj je \u0161ivan od dva sloja istog materijala.<br \/>\nPrednja strana je kra\u0107a, stra\u017enja dulja zbog \u010dega topi\u0107 elegantno pada.<br \/>\nModel nosi veli\u010dinu M i visoka je 170cm.<\/p>\n","protected":false},"featured_media":22365,"comment_status":"closed","ping_status":"closed","template":"","meta":[],"product_brand":[],"product_cat":[86,98],"product_tag":[125,123],"class_list":{"0":"post-21820","1":"product","2":"type-product","3":"status-publish","4":"has-post-thumbnail","6":"product_cat-odjeca","7":"product_cat-topovi","8":"product_tag-komad-hr","9":"product_tag-top-hr","11":"first","12":"instock","13":"taxable","14":"shipping-taxable","15":"purchasable","16":"product-type-variable","17":"has-default-attributes"},"_links":{"self":[{"href":"https:\/\/www.komad.com\/hr\/wp-json\/wp\/v2\/product\/21820","targetHints":{"allow":["GET"]}}],"collection":[{"href":"https:\/\/www.komad.com\/hr\/wp-json\/wp\/v2\/product"}],"about":[{"href":"https:\/\/www.komad.com\/hr\/wp-json\/wp\/v2\/types\/product"}],"replies":[{"embeddable":true,"href":"https:\/\/www.komad.com\/hr\/wp-json\/wp\/v2\/comments?post=21820"}],"wp:featuredmedia":[{"embeddable":true,"href":"https:\/\/www.komad.com\/hr\/wp-json\/wp\/v2\/media\/22365"}],"wp:attachment":[{"href":"https:\/\/www.komad.com\/hr\/wp-json\/wp\/v2\/media?parent=21820"}],"wp:term":[{"taxonomy":"product_brand","embeddable":true,"href":"https:\/\/www.komad.com\/hr\/wp-json\/wp\/v2\/product_brand?post=21820"},{"taxonomy":"product_cat","embeddable":true,"href":"https:\/\/www.komad.com\/hr\/wp-json\/wp\/v2\/product_cat?post=21820"},{"taxonomy":"product_tag","embeddable":true,"href":"https:\/\/www.komad.com\/hr\/wp-json\/wp\/v2\/product_tag?post=21820"}],"curies":[{"name":"wp","href":"https:\/\/api.w.org\/{rel}","templated":true}]}}