{"id":21801,"date":"2020-04-10T10:01:47","date_gmt":"2020-04-10T08:01:47","guid":{"rendered":"https:\/\/www.komad.com\/product\/top-grace-beige\/"},"modified":"2020-04-10T10:01:47","modified_gmt":"2020-04-10T08:01:47","slug":"top-grace-beige","status":"publish","type":"product","link":"https:\/\/www.komad.com\/hr\/product\/top-grace-beige\/","title":{"rendered":"Top GRACE beige"},"content":{"rendered":"<p>M (36-38)<br \/>\n\/ du\u017eina (od najvi\u0161e to\u010dke ramena), podesivo, min 56cm<br \/>\n\/ opseg prsa 100cm<\/p>\n<p>L (40-42)<br \/>\n\/ du\u017eina (od najvi\u0161e to\u010dke ramena), podesivo, min. 58cm<br \/>\n\/ opseg prsa 105cm<\/p>\n<p>BOJA: be\u017e vanilija<br \/>\nMATERIJAL: 55% lan, 45% viskozno vlakno<\/p>\n","protected":false},"excerpt":{"rendered":"<p>Kratki top izra\u0111en je od mekanog i udobnog lanenog materijala.<br \/>\nNaramenice-trakice se mogu odvezati i svezati na \u017eeljenu duljinu ili na \u017eeljeni na\u010din.<br \/>\nModel nosi veli\u010dinu M i visoka je 170cm.<\/p>\n","protected":false},"featured_media":21782,"comment_status":"closed","ping_status":"closed","template":"","meta":[],"product_brand":[],"product_cat":[86,98],"product_tag":[125,123],"class_list":{"0":"post-21801","1":"product","2":"type-product","3":"status-publish","4":"has-post-thumbnail","6":"product_cat-odjeca","7":"product_cat-topovi","8":"product_tag-komad-hr","9":"product_tag-top-hr","11":"first","12":"instock","13":"taxable","14":"shipping-taxable","15":"purchasable","16":"product-type-variable","17":"has-default-attributes"},"_links":{"self":[{"href":"https:\/\/www.komad.com\/hr\/wp-json\/wp\/v2\/product\/21801","targetHints":{"allow":["GET"]}}],"collection":[{"href":"https:\/\/www.komad.com\/hr\/wp-json\/wp\/v2\/product"}],"about":[{"href":"https:\/\/www.komad.com\/hr\/wp-json\/wp\/v2\/types\/product"}],"replies":[{"embeddable":true,"href":"https:\/\/www.komad.com\/hr\/wp-json\/wp\/v2\/comments?post=21801"}],"wp:featuredmedia":[{"embeddable":true,"href":"https:\/\/www.komad.com\/hr\/wp-json\/wp\/v2\/media\/21782"}],"wp:attachment":[{"href":"https:\/\/www.komad.com\/hr\/wp-json\/wp\/v2\/media?parent=21801"}],"wp:term":[{"taxonomy":"product_brand","embeddable":true,"href":"https:\/\/www.komad.com\/hr\/wp-json\/wp\/v2\/product_brand?post=21801"},{"taxonomy":"product_cat","embeddable":true,"href":"https:\/\/www.komad.com\/hr\/wp-json\/wp\/v2\/product_cat?post=21801"},{"taxonomy":"product_tag","embeddable":true,"href":"https:\/\/www.komad.com\/hr\/wp-json\/wp\/v2\/product_tag?post=21801"}],"curies":[{"name":"wp","href":"https:\/\/api.w.org\/{rel}","templated":true}]}}