{"id":21272,"date":"2019-09-30T10:23:44","date_gmt":"2019-09-30T08:23:44","guid":{"rendered":"https:\/\/www.komad.com\/product\/dzemper-tirkiz\/"},"modified":"2022-11-25T20:26:42","modified_gmt":"2022-11-25T19:26:42","slug":"dzemper-tirkiz","status":"publish","type":"product","link":"https:\/\/www.komad.com\/hr\/product\/dzemper-tirkiz\/","title":{"rendered":"D\u017eemper tirkiz"},"content":{"rendered":"<p>\/ duljina (od najvi\u0161e to\u010dke ramena) 70cm<br \/>\n\/ duljina rukava (od najvi\u0161e to\u010dke ramena) 60cm<\/p>\n","protected":false},"excerpt":{"rendered":"<p>Oversized d\u017eemper \u0161irokog ovratnika izra\u0111en od pletiva u mje\u0161avini pamuka ili viskoze. Rukavi su \u0161iroko krojeni, sa laganim su\u017eenjem prema \u0161akama ruke. Mo\u017ee se nositi u svojoj punoj du\u017eini kao tunika ili podvrnuto u kra\u0107oj varijanti.<br \/>\n\/ \u0161iroki kroj \u00a0\/\u00a0nosiv kao tunika<\/p>\n<p>VELI\u010cINA univerzalna (S-L)<br \/>\nBOJA plava<br \/>\nMATERIJAL 67% pamuk, 33% PES<\/p>\n","protected":false},"featured_media":21257,"comment_status":"open","ping_status":"closed","template":"","meta":[],"product_brand":[],"product_cat":[86,93],"product_tag":[249,125],"class_list":{"0":"post-21272","1":"product","2":"type-product","3":"status-publish","4":"has-post-thumbnail","6":"product_cat-odjeca","7":"product_cat-pletenina","8":"product_tag-dzemper","9":"product_tag-komad-hr","11":"first","12":"instock","13":"taxable","14":"shipping-taxable","15":"purchasable","16":"product-type-simple"},"_links":{"self":[{"href":"https:\/\/www.komad.com\/hr\/wp-json\/wp\/v2\/product\/21272","targetHints":{"allow":["GET"]}}],"collection":[{"href":"https:\/\/www.komad.com\/hr\/wp-json\/wp\/v2\/product"}],"about":[{"href":"https:\/\/www.komad.com\/hr\/wp-json\/wp\/v2\/types\/product"}],"replies":[{"embeddable":true,"href":"https:\/\/www.komad.com\/hr\/wp-json\/wp\/v2\/comments?post=21272"}],"wp:featuredmedia":[{"embeddable":true,"href":"https:\/\/www.komad.com\/hr\/wp-json\/wp\/v2\/media\/21257"}],"wp:attachment":[{"href":"https:\/\/www.komad.com\/hr\/wp-json\/wp\/v2\/media?parent=21272"}],"wp:term":[{"taxonomy":"product_brand","embeddable":true,"href":"https:\/\/www.komad.com\/hr\/wp-json\/wp\/v2\/product_brand?post=21272"},{"taxonomy":"product_cat","embeddable":true,"href":"https:\/\/www.komad.com\/hr\/wp-json\/wp\/v2\/product_cat?post=21272"},{"taxonomy":"product_tag","embeddable":true,"href":"https:\/\/www.komad.com\/hr\/wp-json\/wp\/v2\/product_tag?post=21272"}],"curies":[{"name":"wp","href":"https:\/\/api.w.org\/{rel}","templated":true}]}}