{"id":21077,"date":"2020-01-04T14:11:30","date_gmt":"2020-01-04T13:11:30","guid":{"rendered":"https:\/\/www.komad.com\/product\/borosana-by-komad\/"},"modified":"2024-03-13T12:41:34","modified_gmt":"2024-03-13T11:41:34","slug":"borosana-by-komad","status":"publish","type":"product","link":"https:\/\/www.komad.com\/hr\/product\/borosana-by-komad\/","title":{"rendered":"Borosana by KOMAD"},"content":{"rendered":"<p>Veli\u010dina:<br \/>\n39 &#8211; 25,5 cm<\/p>\n<p>Na\u010din izrade: konfekcija i ljepljenje<br \/>\nOdr\u017eavanje: brisanje suhom krpom<br \/>\nNamjena: za suho vrijeme<br \/>\nZemlja podrijetla: Hrvatska<\/p>\n","protected":false},"excerpt":{"rendered":"<p><strong>Sigurni smo da ve\u0107 zna\u0161 za njih, ali svakako dopusti da te podsjetimo na najudobnije cipele na svijetu; BOROSANE!<\/strong><\/p>\n<p>Ne trebaju posebno predstavljanje jer spadaju u hrvatsku povijest, dio su Hrvatske kakvu smo nekada poznavali, \u010dak se usu\u0111ujemo re\u0107i da su dio na\u0161e kulturne ba\u0161tine i naslje\u0111a.<\/p>\n<p>Borosane su nekada pri\u010dale svoju pri\u010du i svakodnevno kora\u010dale i prelazile kilometre na nogama kroja\u010dica, \u010dista\u010dica, kuharica, konobarica i ostalih dama \u010dije su noge trebale pouzdane, anatomski korektne i udobne cipele. A Borosane ih nikada nisu iznevjerile!<\/p>\n<p>Mi volimo ovakve pri\u010de, volimo podr\u017eati hrvatsku proizvodnju i \u0161iriti glas o odli\u010dnim hrvatskim proizvodima i van granica Hrvatske.<br \/>\nZato smo odlu\u010dili dati Borosanama na\u0161 pe\u010dat, samo na\u0161 prepoznatljiv dizajn, \u017eeljeli smo da Borosane postanu dio i na\u0161e modne pri\u010de. Tako je nastala BOROSANA By KOMAD!<\/p>\n<p><em>Po\u0161alji svoje no\u017eice na odmor, zavrijedile su!<\/em><\/p>\n<p>Proizvedeno u Vukovaru s puno ljubavi i pa\u017enje!<\/p>\n","protected":false},"featured_media":21075,"comment_status":"open","ping_status":"closed","template":"","meta":[],"product_brand":[],"product_cat":[91,240],"product_tag":[244,125],"class_list":{"0":"post-21077","1":"product","2":"type-product","3":"status-publish","4":"has-post-thumbnail","6":"product_cat-baggiz-torbe","7":"product_cat-obuca","8":"product_tag-borosana-hr","9":"product_tag-komad-hr","11":"first","12":"instock","13":"taxable","14":"shipping-taxable","15":"purchasable","16":"product-type-variable","17":"has-default-attributes"},"_links":{"self":[{"href":"https:\/\/www.komad.com\/hr\/wp-json\/wp\/v2\/product\/21077","targetHints":{"allow":["GET"]}}],"collection":[{"href":"https:\/\/www.komad.com\/hr\/wp-json\/wp\/v2\/product"}],"about":[{"href":"https:\/\/www.komad.com\/hr\/wp-json\/wp\/v2\/types\/product"}],"replies":[{"embeddable":true,"href":"https:\/\/www.komad.com\/hr\/wp-json\/wp\/v2\/comments?post=21077"}],"wp:featuredmedia":[{"embeddable":true,"href":"https:\/\/www.komad.com\/hr\/wp-json\/wp\/v2\/media\/21075"}],"wp:attachment":[{"href":"https:\/\/www.komad.com\/hr\/wp-json\/wp\/v2\/media?parent=21077"}],"wp:term":[{"taxonomy":"product_brand","embeddable":true,"href":"https:\/\/www.komad.com\/hr\/wp-json\/wp\/v2\/product_brand?post=21077"},{"taxonomy":"product_cat","embeddable":true,"href":"https:\/\/www.komad.com\/hr\/wp-json\/wp\/v2\/product_cat?post=21077"},{"taxonomy":"product_tag","embeddable":true,"href":"https:\/\/www.komad.com\/hr\/wp-json\/wp\/v2\/product_tag?post=21077"}],"curies":[{"name":"wp","href":"https:\/\/api.w.org\/{rel}","templated":true}]}}