{"id":20830,"date":"2021-03-31T13:36:43","date_gmt":"2021-03-31T11:36:43","guid":{"rendered":"https:\/\/www.komad.com\/product\/luna-crna-print\/"},"modified":"2021-03-31T13:36:43","modified_gmt":"2021-03-31T11:36:43","slug":"luna-crna-print","status":"publish","type":"product","link":"https:\/\/www.komad.com\/hr\/product\/luna-crna-print\/","title":{"rendered":"Luna crno"},"content":{"rendered":"<p>Model nosi veli\u010dinu M i visoka je 175cm<br \/>\n\/ le\u017eeran kroj \/ 3\/4 rukavi \/ bez podstave \/ d\u017eepovi sa bo\u010dne strane<\/p>\n<p><strong>M<\/strong><br \/>\n\/ duljina (od najvi\u0161e to\u010dke ramena) 130cm<br \/>\n\/ \u0161irina 90cm<\/p>\n<p><strong>L<\/strong><br \/>\n\/ duljina (od najvi\u0161e to\u010dke ramena) 130cm<br \/>\n\/ \u0161irina 92cm<\/p>\n<p>VELI\u010cINA: M (36\/38\/40) \/ L (42\/44)<br \/>\nBOJA: crna sa crnim printom<br \/>\nMATERIJAL: 95% Viskoza, 5% Lycra<\/p>\n","protected":false},"excerpt":{"rendered":"<p>Haljina od viskoze, duljine 7\/8, sa 3\/4 rukavima.<br \/>\nJednostavan a zanimljiv kroj \u010dini ovu haljinu posebnom i druga\u010dijom.<br \/>\nU bo\u010dne \u0161avove sa svake strane u\u0161iveni su d\u017eepovi.<br \/>\nDodatni savjet: ako  \u017eeli\u0161 malo promjeniti liniju haljine, probaj kombinaciju sa remenom. <\/p>\n","protected":false},"featured_media":21314,"comment_status":"open","ping_status":"closed","template":"","meta":[],"product_brand":[],"product_cat":[87,86],"product_tag":[],"class_list":{"0":"post-20830","1":"product","2":"type-product","3":"status-publish","4":"has-post-thumbnail","6":"product_cat-haljine","7":"product_cat-odjeca","9":"first","10":"instock","11":"taxable","12":"shipping-taxable","13":"purchasable","14":"product-type-variable"},"_links":{"self":[{"href":"https:\/\/www.komad.com\/hr\/wp-json\/wp\/v2\/product\/20830","targetHints":{"allow":["GET"]}}],"collection":[{"href":"https:\/\/www.komad.com\/hr\/wp-json\/wp\/v2\/product"}],"about":[{"href":"https:\/\/www.komad.com\/hr\/wp-json\/wp\/v2\/types\/product"}],"replies":[{"embeddable":true,"href":"https:\/\/www.komad.com\/hr\/wp-json\/wp\/v2\/comments?post=20830"}],"wp:featuredmedia":[{"embeddable":true,"href":"https:\/\/www.komad.com\/hr\/wp-json\/wp\/v2\/media\/21314"}],"wp:attachment":[{"href":"https:\/\/www.komad.com\/hr\/wp-json\/wp\/v2\/media?parent=20830"}],"wp:term":[{"taxonomy":"product_brand","embeddable":true,"href":"https:\/\/www.komad.com\/hr\/wp-json\/wp\/v2\/product_brand?post=20830"},{"taxonomy":"product_cat","embeddable":true,"href":"https:\/\/www.komad.com\/hr\/wp-json\/wp\/v2\/product_cat?post=20830"},{"taxonomy":"product_tag","embeddable":true,"href":"https:\/\/www.komad.com\/hr\/wp-json\/wp\/v2\/product_tag?post=20830"}],"curies":[{"name":"wp","href":"https:\/\/api.w.org\/{rel}","templated":true}]}}