{"id":20295,"date":"2021-03-30T10:31:51","date_gmt":"2021-03-30T08:31:51","guid":{"rendered":"https:\/\/www.komad.com\/product\/kaput-wrap-plavi\/"},"modified":"2021-03-31T10:31:51","modified_gmt":"2021-03-31T08:31:51","slug":"kaput-wrap-plavi","status":"publish","type":"product","link":"https:\/\/www.komad.com\/hr\/product\/kaput-wrap-plavi\/","title":{"rendered":"Kaput WRAP"},"content":{"rendered":"<p>\/ du\u017eina kaputa (od najvi\u0161e to\u010dke ramena) 120cm<br \/>\n\/ \u0161irina prsa max. 105cm<br \/>\n\/ duljina rukava (od najvi\u0161e to\u010dke ramena) 65cm<\/p>\n","protected":false},"excerpt":{"rendered":"<p>Predimenzionirani ovratnik i prednji dio omogu\u0107avaju vi\u0161e na\u010dina no\u0161enja \u2013 mo\u017eete se njime ogrnuti ili ga pustiti da le\u017eerno pada.<\/p>\n<p>Dolazi bez zatvara\u010da ili gumbi, ali sa trakom koja se ve\u017ee u struku. U bo\u010dne strane kaputa u\u0161iveni su d\u017eepovi.<\/p>\n<p>\/ le\u017eeran kroj \/ \u0161iroki ovratnik \/ nema podstave \/ vuneni materijal<\/p>\n<p>VELI\u010cINA: S\/M<br \/>\nBOJA: plava karirana<br \/>\nMATERIJAL: 100% vuna<\/p>\n","protected":false},"featured_media":20269,"comment_status":"open","ping_status":"closed","template":"","meta":[],"product_brand":[],"product_cat":[97,86],"product_tag":[],"class_list":{"0":"post-20295","1":"product","2":"type-product","3":"status-publish","4":"has-post-thumbnail","6":"product_cat-jakne-i-ogrtaci","7":"product_cat-odjeca","9":"first","10":"instock","11":"taxable","12":"shipping-taxable","13":"purchasable","14":"product-type-simple"},"_links":{"self":[{"href":"https:\/\/www.komad.com\/hr\/wp-json\/wp\/v2\/product\/20295","targetHints":{"allow":["GET"]}}],"collection":[{"href":"https:\/\/www.komad.com\/hr\/wp-json\/wp\/v2\/product"}],"about":[{"href":"https:\/\/www.komad.com\/hr\/wp-json\/wp\/v2\/types\/product"}],"replies":[{"embeddable":true,"href":"https:\/\/www.komad.com\/hr\/wp-json\/wp\/v2\/comments?post=20295"}],"wp:featuredmedia":[{"embeddable":true,"href":"https:\/\/www.komad.com\/hr\/wp-json\/wp\/v2\/media\/20269"}],"wp:attachment":[{"href":"https:\/\/www.komad.com\/hr\/wp-json\/wp\/v2\/media?parent=20295"}],"wp:term":[{"taxonomy":"product_brand","embeddable":true,"href":"https:\/\/www.komad.com\/hr\/wp-json\/wp\/v2\/product_brand?post=20295"},{"taxonomy":"product_cat","embeddable":true,"href":"https:\/\/www.komad.com\/hr\/wp-json\/wp\/v2\/product_cat?post=20295"},{"taxonomy":"product_tag","embeddable":true,"href":"https:\/\/www.komad.com\/hr\/wp-json\/wp\/v2\/product_tag?post=20295"}],"curies":[{"name":"wp","href":"https:\/\/api.w.org\/{rel}","templated":true}]}}