{"id":20265,"date":"2021-03-30T10:23:32","date_gmt":"2021-03-30T08:23:32","guid":{"rendered":"https:\/\/www.komad.com\/product\/kaput-wrap-sivi\/"},"modified":"2021-03-31T10:37:47","modified_gmt":"2021-03-31T08:37:47","slug":"kaput-wrap-sivi","status":"publish","type":"product","link":"https:\/\/www.komad.com\/hr\/product\/kaput-wrap-sivi\/","title":{"rendered":"Kaput WRAP"},"content":{"rendered":"<p>\/ du\u017eina kaputa (od najvi\u0161e to\u010dke ramena) 120cm<br \/>\n\/ \u0161irina prsa max. 105cm<br \/>\n\/ duljina rukava (od najvi\u0161e to\u010dke ramena) 65cm<\/p>\n","protected":false},"excerpt":{"rendered":"<p>Predimenzionirani ovratnik i prednji dio omogu\u0107avaju vi\u0161e na\u010dina no\u0161enja \u2013 mo\u017eete se njime ogrnuti ili ga pustiti da le\u017eerno pada.<\/p>\n<p>Dolazi bez zatvara\u010da ili gumbi, ali sa trakom koja se ve\u017ee u struku. U bo\u010dne strane kaputa u\u0161iveni su d\u017eepovi.<\/p>\n<p>\/ le\u017eeran kroj \/ \u0161iroki ovratnik \/ nema podstave \/ vuneni materijal<\/p>\n<p>VELI\u010cINA: S\/M<br \/>\nBOJA: siva<br \/>\nMATERIJAL: 100% vuna<\/p>\n","protected":false},"featured_media":20245,"comment_status":"open","ping_status":"closed","template":"","meta":[],"product_brand":[],"product_cat":[97,86],"product_tag":[119,125],"class_list":{"0":"post-20265","1":"product","2":"type-product","3":"status-publish","4":"has-post-thumbnail","6":"product_cat-jakne-i-ogrtaci","7":"product_cat-odjeca","8":"product_tag-kaput","9":"product_tag-komad-hr","11":"first","12":"instock","13":"taxable","14":"shipping-taxable","15":"purchasable","16":"product-type-simple"},"_links":{"self":[{"href":"https:\/\/www.komad.com\/hr\/wp-json\/wp\/v2\/product\/20265","targetHints":{"allow":["GET"]}}],"collection":[{"href":"https:\/\/www.komad.com\/hr\/wp-json\/wp\/v2\/product"}],"about":[{"href":"https:\/\/www.komad.com\/hr\/wp-json\/wp\/v2\/types\/product"}],"replies":[{"embeddable":true,"href":"https:\/\/www.komad.com\/hr\/wp-json\/wp\/v2\/comments?post=20265"}],"wp:featuredmedia":[{"embeddable":true,"href":"https:\/\/www.komad.com\/hr\/wp-json\/wp\/v2\/media\/20245"}],"wp:attachment":[{"href":"https:\/\/www.komad.com\/hr\/wp-json\/wp\/v2\/media?parent=20265"}],"wp:term":[{"taxonomy":"product_brand","embeddable":true,"href":"https:\/\/www.komad.com\/hr\/wp-json\/wp\/v2\/product_brand?post=20265"},{"taxonomy":"product_cat","embeddable":true,"href":"https:\/\/www.komad.com\/hr\/wp-json\/wp\/v2\/product_cat?post=20265"},{"taxonomy":"product_tag","embeddable":true,"href":"https:\/\/www.komad.com\/hr\/wp-json\/wp\/v2\/product_tag?post=20265"}],"curies":[{"name":"wp","href":"https:\/\/api.w.org\/{rel}","templated":true}]}}