{"id":20135,"date":"2020-03-03T06:32:34","date_gmt":"2020-03-03T05:32:34","guid":{"rendered":"https:\/\/www.komad.com\/product\/novcanik-s-crna-mat-koza\/"},"modified":"2021-12-14T10:04:00","modified_gmt":"2021-12-14T09:04:00","slug":"wallet-black-matte-leather-s","status":"publish","type":"product","link":"https:\/\/www.komad.com\/hr\/product\/wallet-black-matte-leather-s\/","title":{"rendered":"Nov\u010danik S crna mat ko\u017ea"},"content":{"rendered":"<p>\/ dimenzije:<br \/>\nzatvoreno: 11x9cm<br \/>\notvoreno: 11x18cm<\/p>\n<p>\/ materijal:\u00a0crna mat ko\u017ea<\/p>\n","protected":false},"excerpt":{"rendered":"<p>Kolekcija posve\u0107ena \u010duvarima svih onih pametnih (manje ili vi\u0161e) sitnica koje nam uljep\u0161avaju svakodnevni \u017eivot!<br \/>\nDizajnirali smo lijepe i prakti\u010dne nov\u010danike koje \u0107e za\u0161tititi va\u0161e nov\u010di\u0107e, kreditne kartice ili npr. papiri\u0107e!<br \/>\nNov\u010danik je izra\u0111en od kvalitetne ko\u017ee, a guma kroz koju se provla\u010di poklopac \u010dvrsto zatvara i dr\u017ei na mjestu sve sitnice.<span class=\"Apple-converted-space\">\u00a0<\/span><\/p>\n","protected":false},"featured_media":20124,"comment_status":"open","ping_status":"closed","template":"","meta":[],"product_brand":[],"product_cat":[91,92],"product_tag":[124],"class_list":{"0":"post-20135","1":"product","2":"type-product","3":"status-publish","4":"has-post-thumbnail","6":"product_cat-baggiz-torbe","7":"product_cat-novcanici","8":"product_tag-baggiz-hr","10":"first","11":"instock","12":"taxable","13":"shipping-taxable","14":"purchasable","15":"product-type-simple"},"_links":{"self":[{"href":"https:\/\/www.komad.com\/hr\/wp-json\/wp\/v2\/product\/20135","targetHints":{"allow":["GET"]}}],"collection":[{"href":"https:\/\/www.komad.com\/hr\/wp-json\/wp\/v2\/product"}],"about":[{"href":"https:\/\/www.komad.com\/hr\/wp-json\/wp\/v2\/types\/product"}],"replies":[{"embeddable":true,"href":"https:\/\/www.komad.com\/hr\/wp-json\/wp\/v2\/comments?post=20135"}],"wp:featuredmedia":[{"embeddable":true,"href":"https:\/\/www.komad.com\/hr\/wp-json\/wp\/v2\/media\/20124"}],"wp:attachment":[{"href":"https:\/\/www.komad.com\/hr\/wp-json\/wp\/v2\/media?parent=20135"}],"wp:term":[{"taxonomy":"product_brand","embeddable":true,"href":"https:\/\/www.komad.com\/hr\/wp-json\/wp\/v2\/product_brand?post=20135"},{"taxonomy":"product_cat","embeddable":true,"href":"https:\/\/www.komad.com\/hr\/wp-json\/wp\/v2\/product_cat?post=20135"},{"taxonomy":"product_tag","embeddable":true,"href":"https:\/\/www.komad.com\/hr\/wp-json\/wp\/v2\/product_tag?post=20135"}],"curies":[{"name":"wp","href":"https:\/\/api.w.org\/{rel}","templated":true}]}}