{"id":20089,"date":"2020-03-03T10:18:04","date_gmt":"2020-03-03T09:18:04","guid":{"rendered":"https:\/\/www.komad.com\/product\/novcanik-xl-crna-nojeva-koza\/"},"modified":"2024-02-06T21:47:04","modified_gmt":"2024-02-06T20:47:04","slug":"wallet-black-ostich-leather-xl","status":"publish","type":"product","link":"https:\/\/www.komad.com\/hr\/product\/wallet-black-ostich-leather-xl\/","title":{"rendered":"Nov\u010danik XL crna nojeva ko\u017ea"},"content":{"rendered":"<p>\/ dimenzije:<br \/>\nzatvoreno: 11x21cm<br \/>\notvoreno: 22x21cm<\/p>\n<p>\/ materijal: crna nojeva ko\u017ea<\/p>\n","protected":false},"excerpt":{"rendered":"<p>Kolekcija posve\u0107ena \u010duvarima svih onih pametnih (manje ili vi\u0161e) sitnica koje nam uljep\u0161avaju svakodnevni \u017eivot! Dizajnirali smo lijepe i prakti\u010dne nov\u010danike koje \u0107e za\u0161tititi va\u0161e nov\u010di\u0107e, kreditne kartice ili npr. papiri\u0107e!<br \/>\nNov\u010danik je izra\u0111en od kvalitetne ko\u017ee, a guma kroz koju se provla\u010di poklopac \u010dvrsto zatvara i dr\u017ei na mjestu sve sitnice.<\/p>\n","protected":false},"featured_media":20078,"comment_status":"open","ping_status":"closed","template":"","meta":[],"product_brand":[],"product_cat":[91,92],"product_tag":[124],"class_list":{"0":"post-20089","1":"product","2":"type-product","3":"status-publish","4":"has-post-thumbnail","6":"product_cat-baggiz-torbe","7":"product_cat-novcanici","8":"product_tag-baggiz-hr","10":"first","11":"instock","12":"taxable","13":"shipping-taxable","14":"purchasable","15":"product-type-simple"},"_links":{"self":[{"href":"https:\/\/www.komad.com\/hr\/wp-json\/wp\/v2\/product\/20089","targetHints":{"allow":["GET"]}}],"collection":[{"href":"https:\/\/www.komad.com\/hr\/wp-json\/wp\/v2\/product"}],"about":[{"href":"https:\/\/www.komad.com\/hr\/wp-json\/wp\/v2\/types\/product"}],"replies":[{"embeddable":true,"href":"https:\/\/www.komad.com\/hr\/wp-json\/wp\/v2\/comments?post=20089"}],"wp:featuredmedia":[{"embeddable":true,"href":"https:\/\/www.komad.com\/hr\/wp-json\/wp\/v2\/media\/20078"}],"wp:attachment":[{"href":"https:\/\/www.komad.com\/hr\/wp-json\/wp\/v2\/media?parent=20089"}],"wp:term":[{"taxonomy":"product_brand","embeddable":true,"href":"https:\/\/www.komad.com\/hr\/wp-json\/wp\/v2\/product_brand?post=20089"},{"taxonomy":"product_cat","embeddable":true,"href":"https:\/\/www.komad.com\/hr\/wp-json\/wp\/v2\/product_cat?post=20089"},{"taxonomy":"product_tag","embeddable":true,"href":"https:\/\/www.komad.com\/hr\/wp-json\/wp\/v2\/product_tag?post=20089"}],"curies":[{"name":"wp","href":"https:\/\/api.w.org\/{rel}","templated":true}]}}