{"id":17275,"date":"2020-04-10T11:26:57","date_gmt":"2020-04-10T09:26:57","guid":{"rendered":"https:\/\/www.komad.com\/product\/blazer-crveni\/"},"modified":"2024-02-12T12:09:39","modified_gmt":"2024-02-12T11:09:39","slug":"blazer-crveni","status":"publish","type":"product","link":"https:\/\/www.komad.com\/hr\/product\/blazer-crveni\/","title":{"rendered":"Blazer crveni"},"content":{"rendered":"<p>\/ du\u017eina (od najvi\u0161e to\u010dke ramena) 76cm<br \/>\n\/ \u0161irina ramena 41cm<br \/>\n\/ du\u017eina rukava (od ramenog \u0161ava) 59cm<\/p>\n","protected":false},"excerpt":{"rendered":"<p>Laneni blejzer le\u017eernog kroja, \u0161irokih revera i sa prostranim d\u017eepovima. Nema gumbe.<br \/>\nDolazi sa \u0161irokom pojasnom trakom od istog materijala, pa ga mo\u017eete nositi le\u017eerno otvorenog ili vezanog u struku. Podstavljen je tamno plavom viskoznom tkaninom.<br \/>\nSavr\u0161eno se sla\u017ee sa na\u0161im BOW hla\u010dama u istoj boji!<\/p>\n<p>VELI\u010cINA: univerzalna (36-40)<br \/>\nBOJA: crvena<br \/>\nMATERIJAL: 55% lan, 45% viskozno vlakno<br \/>\npodstava: 100% viskozno vlakno<\/p>\n","protected":false},"featured_media":17264,"comment_status":"open","ping_status":"closed","template":"","meta":[],"product_brand":[],"product_cat":[97,86],"product_tag":[125],"class_list":{"0":"post-17275","1":"product","2":"type-product","3":"status-publish","4":"has-post-thumbnail","6":"product_cat-jakne-i-ogrtaci","7":"product_cat-odjeca","8":"product_tag-komad-hr","10":"first","11":"instock","12":"taxable","13":"shipping-taxable","14":"purchasable","15":"product-type-simple"},"_links":{"self":[{"href":"https:\/\/www.komad.com\/hr\/wp-json\/wp\/v2\/product\/17275","targetHints":{"allow":["GET"]}}],"collection":[{"href":"https:\/\/www.komad.com\/hr\/wp-json\/wp\/v2\/product"}],"about":[{"href":"https:\/\/www.komad.com\/hr\/wp-json\/wp\/v2\/types\/product"}],"replies":[{"embeddable":true,"href":"https:\/\/www.komad.com\/hr\/wp-json\/wp\/v2\/comments?post=17275"}],"wp:featuredmedia":[{"embeddable":true,"href":"https:\/\/www.komad.com\/hr\/wp-json\/wp\/v2\/media\/17264"}],"wp:attachment":[{"href":"https:\/\/www.komad.com\/hr\/wp-json\/wp\/v2\/media?parent=17275"}],"wp:term":[{"taxonomy":"product_brand","embeddable":true,"href":"https:\/\/www.komad.com\/hr\/wp-json\/wp\/v2\/product_brand?post=17275"},{"taxonomy":"product_cat","embeddable":true,"href":"https:\/\/www.komad.com\/hr\/wp-json\/wp\/v2\/product_cat?post=17275"},{"taxonomy":"product_tag","embeddable":true,"href":"https:\/\/www.komad.com\/hr\/wp-json\/wp\/v2\/product_tag?post=17275"}],"curies":[{"name":"wp","href":"https:\/\/api.w.org\/{rel}","templated":true}]}}