{"id":17223,"date":"2020-04-10T11:07:46","date_gmt":"2020-04-10T09:07:46","guid":{"rendered":"https:\/\/www.komad.com\/product\/haljina-classy-leo\/"},"modified":"2020-12-20T11:30:48","modified_gmt":"2020-12-20T10:30:48","slug":"haljina-classy-leo","status":"publish","type":"product","link":"https:\/\/www.komad.com\/hr\/product\/haljina-classy-leo\/","title":{"rendered":"Haljina CLASSY leo"},"content":{"rendered":"<p>\/ du\u017eina (od najvi\u0161e to\u010dke ramena) 125cm<br \/>\n\/ du\u017eina rukava (od ramenog \u0161ava) 49cm<br \/>\n\/ opseg struka (podesivo) max 96cm<br \/>\n\/ opseg bokova (podesivo) max 130cm<\/p>\n","protected":false},"excerpt":{"rendered":"<p>Haljina na preklop, midi du\u017eine sa 3\/4 rukavima.<br \/>\nIzra\u0111ena je od mekanog, lepr\u0161avog i vrlo udobnog materijala leopard uzorka sa zanimljivom bordurom na donjem rubu haljine. Uz haljinu dolazi i traka (u crnoj boji) kojom ve\u017eete haljinu i kontolirate \u0161irinu struka. U bo\u010dne strane haljine u\u0161iveni su d\u017eepovi.<br \/>\nDodatni savjet: osim kao haljinu, mo\u017ee se nositi bez trake, rastvoreno, pri \u010demu haljina postaje duga, le\u017eerna, lagana jakna!<\/p>\n<p>VELI\u010cINA: univerzalna (36-40)<br \/>\nBOJA: crno-be\u017e, leopard uzorak<br \/>\nMATERIJAL: 46% viskoza, 54% rayon<\/p>\n","protected":false},"featured_media":17770,"comment_status":"open","ping_status":"closed","template":"","meta":[],"product_brand":[],"product_cat":[87,86],"product_tag":[120,125],"class_list":{"0":"post-17223","1":"product","2":"type-product","3":"status-publish","4":"has-post-thumbnail","6":"product_cat-haljine","7":"product_cat-odjeca","8":"product_tag-haljina","9":"product_tag-komad-hr","11":"first","12":"instock","13":"taxable","14":"shipping-taxable","15":"purchasable","16":"product-type-simple"},"_links":{"self":[{"href":"https:\/\/www.komad.com\/hr\/wp-json\/wp\/v2\/product\/17223","targetHints":{"allow":["GET"]}}],"collection":[{"href":"https:\/\/www.komad.com\/hr\/wp-json\/wp\/v2\/product"}],"about":[{"href":"https:\/\/www.komad.com\/hr\/wp-json\/wp\/v2\/types\/product"}],"replies":[{"embeddable":true,"href":"https:\/\/www.komad.com\/hr\/wp-json\/wp\/v2\/comments?post=17223"}],"wp:featuredmedia":[{"embeddable":true,"href":"https:\/\/www.komad.com\/hr\/wp-json\/wp\/v2\/media\/17770"}],"wp:attachment":[{"href":"https:\/\/www.komad.com\/hr\/wp-json\/wp\/v2\/media?parent=17223"}],"wp:term":[{"taxonomy":"product_brand","embeddable":true,"href":"https:\/\/www.komad.com\/hr\/wp-json\/wp\/v2\/product_brand?post=17223"},{"taxonomy":"product_cat","embeddable":true,"href":"https:\/\/www.komad.com\/hr\/wp-json\/wp\/v2\/product_cat?post=17223"},{"taxonomy":"product_tag","embeddable":true,"href":"https:\/\/www.komad.com\/hr\/wp-json\/wp\/v2\/product_tag?post=17223"}],"curies":[{"name":"wp","href":"https:\/\/api.w.org\/{rel}","templated":true}]}}