{"id":17185,"date":"2020-04-10T10:50:05","date_gmt":"2020-04-10T08:50:05","guid":{"rendered":"https:\/\/www.komad.com\/product\/kombinezon-fierce-leo\/"},"modified":"2021-04-14T19:45:19","modified_gmt":"2021-04-14T17:45:19","slug":"kombinezon-fierce-leo","status":"publish","type":"product","link":"https:\/\/www.komad.com\/hr\/product\/kombinezon-fierce-leo\/","title":{"rendered":"Kombinezon FIERCE leo"},"content":{"rendered":"<p>\/ du\u017eina (od najvi\u0161e to\u010dke ramena), podesivo, min  125cm<br \/>\n\/ opseg prsa 96cm<br \/>\n\/ opseg struka 98cm<br \/>\n\/ opseg bokova 110cm<\/p>\n","protected":false},"excerpt":{"rendered":"<p>Kombinezon midi du\u017eine izra\u0111en je od mekanog, lepr\u0161avog i vrlo udobnog materijala leopard uzorka, sa zanimljivom bordurom na donjem rubu. Naramenice-trakice (u crnoj boji) mogu se odvezati i svezati na \u017eeljenu duljinu ili na \u017eeljeni na\u010din.<br \/>\nU bo\u010dne \u0161avove kombinezona u\u0161iveni su d\u017eepovi.<br \/>\nDodatni savjet: odli\u010dno izgleda i ukoliko ga u struku pri\u010dvrstite remenom!<\/p>\n<p>VELI\u010cINA: univerzalna (36-40)<br \/>\nBOJA: crno-be\u017e, leopard uzorak<br \/>\nMATERIJAL: 46% viskoza, 54% rayon<\/p>\n","protected":false},"featured_media":17790,"comment_status":"open","ping_status":"closed","template":"","meta":[],"product_brand":[],"product_cat":[89,86],"product_tag":[125,121],"class_list":{"0":"post-17185","1":"product","2":"type-product","3":"status-publish","4":"has-post-thumbnail","6":"product_cat-kombinezoni","7":"product_cat-odjeca","8":"product_tag-komad-hr","9":"product_tag-kombinezon","11":"first","12":"instock","13":"taxable","14":"shipping-taxable","15":"purchasable","16":"product-type-simple"},"_links":{"self":[{"href":"https:\/\/www.komad.com\/hr\/wp-json\/wp\/v2\/product\/17185","targetHints":{"allow":["GET"]}}],"collection":[{"href":"https:\/\/www.komad.com\/hr\/wp-json\/wp\/v2\/product"}],"about":[{"href":"https:\/\/www.komad.com\/hr\/wp-json\/wp\/v2\/types\/product"}],"replies":[{"embeddable":true,"href":"https:\/\/www.komad.com\/hr\/wp-json\/wp\/v2\/comments?post=17185"}],"wp:featuredmedia":[{"embeddable":true,"href":"https:\/\/www.komad.com\/hr\/wp-json\/wp\/v2\/media\/17790"}],"wp:attachment":[{"href":"https:\/\/www.komad.com\/hr\/wp-json\/wp\/v2\/media?parent=17185"}],"wp:term":[{"taxonomy":"product_brand","embeddable":true,"href":"https:\/\/www.komad.com\/hr\/wp-json\/wp\/v2\/product_brand?post=17185"},{"taxonomy":"product_cat","embeddable":true,"href":"https:\/\/www.komad.com\/hr\/wp-json\/wp\/v2\/product_cat?post=17185"},{"taxonomy":"product_tag","embeddable":true,"href":"https:\/\/www.komad.com\/hr\/wp-json\/wp\/v2\/product_tag?post=17185"}],"curies":[{"name":"wp","href":"https:\/\/api.w.org\/{rel}","templated":true}]}}