{"id":17165,"date":"2020-04-10T10:43:39","date_gmt":"2020-04-10T08:43:39","guid":{"rendered":"https:\/\/www.komad.com\/product\/kombinezon-fierce-crni\/"},"modified":"2020-04-10T10:43:39","modified_gmt":"2020-04-10T08:43:39","slug":"kombinezon-fierce-crni","status":"publish","type":"product","link":"https:\/\/www.komad.com\/hr\/product\/kombinezon-fierce-crni\/","title":{"rendered":"Kombinezon FIERCE crni"},"content":{"rendered":"<p>\/ du\u017eina (od najvi\u0161e to\u010dke ramena), podesivo, min 125cm<br \/>\n\/ opseg prsa 96cm<br \/>\n\/ opseg struka 98cm<br \/>\n\/ opseg bokova 110cm<\/p>\n","protected":false},"excerpt":{"rendered":"<p>Kombinezon midi du\u017eine izra\u0111en je od mekanog, lepr\u0161avog i vrlo udobnog crnog viskoznog materijala. Naramenice-trakice se mogu odvezati i svezati na \u017eeljenu duljinu ili na \u017eeljeni na\u010din.<br \/>\nU bo\u010dne \u0161avove kombinezona u\u0161iveni su d\u017eepovi.<br \/>\nDodatni savjet: odli\u010dno izgleda i ukoliko ga u struku pri\u010dvrstite remenom!<\/p>\n<p>VELI\u010cINA: univerzalna (36-40)<br \/>\nBOJA: crna<br \/>\nMATERIJAL: 100% viskoza<\/p>\n","protected":false},"featured_media":17158,"comment_status":"open","ping_status":"closed","template":"","meta":[],"product_brand":[],"product_cat":[89,86],"product_tag":[125,121],"class_list":{"0":"post-17165","1":"product","2":"type-product","3":"status-publish","4":"has-post-thumbnail","6":"product_cat-kombinezoni","7":"product_cat-odjeca","8":"product_tag-komad-hr","9":"product_tag-kombinezon","11":"first","12":"instock","13":"taxable","14":"shipping-taxable","15":"purchasable","16":"product-type-simple"},"_links":{"self":[{"href":"https:\/\/www.komad.com\/hr\/wp-json\/wp\/v2\/product\/17165","targetHints":{"allow":["GET"]}}],"collection":[{"href":"https:\/\/www.komad.com\/hr\/wp-json\/wp\/v2\/product"}],"about":[{"href":"https:\/\/www.komad.com\/hr\/wp-json\/wp\/v2\/types\/product"}],"replies":[{"embeddable":true,"href":"https:\/\/www.komad.com\/hr\/wp-json\/wp\/v2\/comments?post=17165"}],"wp:featuredmedia":[{"embeddable":true,"href":"https:\/\/www.komad.com\/hr\/wp-json\/wp\/v2\/media\/17158"}],"wp:attachment":[{"href":"https:\/\/www.komad.com\/hr\/wp-json\/wp\/v2\/media?parent=17165"}],"wp:term":[{"taxonomy":"product_brand","embeddable":true,"href":"https:\/\/www.komad.com\/hr\/wp-json\/wp\/v2\/product_brand?post=17165"},{"taxonomy":"product_cat","embeddable":true,"href":"https:\/\/www.komad.com\/hr\/wp-json\/wp\/v2\/product_cat?post=17165"},{"taxonomy":"product_tag","embeddable":true,"href":"https:\/\/www.komad.com\/hr\/wp-json\/wp\/v2\/product_tag?post=17165"}],"curies":[{"name":"wp","href":"https:\/\/api.w.org\/{rel}","templated":true}]}}