{"id":17121,"date":"2020-04-10T10:32:06","date_gmt":"2020-04-10T08:32:06","guid":{"rendered":"https:\/\/www.komad.com\/product\/haljina-dance-leo\/"},"modified":"2021-07-08T09:52:52","modified_gmt":"2021-07-08T07:52:52","slug":"haljina-dance-leo","status":"publish","type":"product","link":"https:\/\/www.komad.com\/hr\/product\/haljina-dance-leo\/","title":{"rendered":"Haljina DANCE leo"},"content":{"rendered":"<p>\/ du\u017eina (od najvi\u0161e to\u010dke ramena), podesivo, min 125cm<br \/>\nopseg prsa 100cm<br \/>\nopseg struka  110cm<br \/>\nopseg bokova  130cm<\/p>\n","protected":false},"excerpt":{"rendered":"<p>Haljina midi du\u017eine izra\u0111ena je od mekanog, lepr\u0161avog i vrlo udobnog materijala leopard uzorka, sa zanimljivom bordurom na donjem rubu haljine. Naramenice-trakice (u crnoj boji) mogu se odvezati i svezati na \u017eeljenu duljinu ili na \u017eeljeni na\u010din.<br \/>\nU bo\u010dne \u0161avove haljine u\u0161iveni su d\u017eepovi.<br \/>\nDodatni savjet: odli\u010dno izgleda i ukoliko je u struku  pri\u010dvrstite remenom!<\/p>\n<p>VELI\u010cINA: univerzalna (36-40)<br \/>\nBOJA: crno-be\u017e, leopard uzorak<br \/>\nMATERIJAL: 46% viskoza, 54% rayon<\/p>\n","protected":false},"featured_media":17112,"comment_status":"open","ping_status":"closed","template":"","meta":[],"product_brand":[],"product_cat":[87,86],"product_tag":[120,125],"class_list":{"0":"post-17121","1":"product","2":"type-product","3":"status-publish","4":"has-post-thumbnail","6":"product_cat-haljine","7":"product_cat-odjeca","8":"product_tag-haljina","9":"product_tag-komad-hr","11":"first","12":"instock","13":"taxable","14":"shipping-taxable","15":"purchasable","16":"product-type-simple"},"_links":{"self":[{"href":"https:\/\/www.komad.com\/hr\/wp-json\/wp\/v2\/product\/17121","targetHints":{"allow":["GET"]}}],"collection":[{"href":"https:\/\/www.komad.com\/hr\/wp-json\/wp\/v2\/product"}],"about":[{"href":"https:\/\/www.komad.com\/hr\/wp-json\/wp\/v2\/types\/product"}],"replies":[{"embeddable":true,"href":"https:\/\/www.komad.com\/hr\/wp-json\/wp\/v2\/comments?post=17121"}],"wp:featuredmedia":[{"embeddable":true,"href":"https:\/\/www.komad.com\/hr\/wp-json\/wp\/v2\/media\/17112"}],"wp:attachment":[{"href":"https:\/\/www.komad.com\/hr\/wp-json\/wp\/v2\/media?parent=17121"}],"wp:term":[{"taxonomy":"product_brand","embeddable":true,"href":"https:\/\/www.komad.com\/hr\/wp-json\/wp\/v2\/product_brand?post=17121"},{"taxonomy":"product_cat","embeddable":true,"href":"https:\/\/www.komad.com\/hr\/wp-json\/wp\/v2\/product_cat?post=17121"},{"taxonomy":"product_tag","embeddable":true,"href":"https:\/\/www.komad.com\/hr\/wp-json\/wp\/v2\/product_tag?post=17121"}],"curies":[{"name":"wp","href":"https:\/\/api.w.org\/{rel}","templated":true}]}}