{"id":17097,"date":"2020-04-10T10:26:26","date_gmt":"2020-04-10T08:26:26","guid":{"rendered":"https:\/\/www.komad.com\/product\/haljina-dance-crna\/"},"modified":"2021-07-13T17:53:18","modified_gmt":"2021-07-13T15:53:18","slug":"haljina-dance-crna","status":"publish","type":"product","link":"https:\/\/www.komad.com\/hr\/product\/haljina-dance-crna\/","title":{"rendered":"Haljina DANCE crna"},"content":{"rendered":"<p>\/ du\u017eina (od najvi\u0161e to\u010dke ramena), podesivo, min 125cm<br \/>\n\/ opseg prsa 100cm<br \/>\n\/ opseg struka  110cm<br \/>\n\/ opseg bokova  130cm<\/p>\n","protected":false},"excerpt":{"rendered":"<p>Haljina midi du\u017eine izra\u0111ena je od mekanog, lepr\u0161avog i vrlo udobnog crnog viskoznog materijala. Naramenice-trakice se mogu odvezati i svezati na \u017eeljenu duljinu ili na \u017eeljeni na\u010din.<br \/>\nU bo\u010dne \u0161avove haljine u\u0161iveni su d\u017eepovi.<br \/>\nDodatni savjet: odli\u010dno izgleda i ukoliko je u struku  pri\u010dvrstite remenom!<\/p>\n<p>VELI\u010cINA: univerzalna (36-40)<br \/>\nBOJA: crna<br \/>\nMATERIJAL: 100% viskoza<\/p>\n","protected":false},"featured_media":17784,"comment_status":"open","ping_status":"closed","template":"","meta":[],"product_brand":[],"product_cat":[87,86],"product_tag":[120,125],"class_list":{"0":"post-17097","1":"product","2":"type-product","3":"status-publish","4":"has-post-thumbnail","6":"product_cat-haljine","7":"product_cat-odjeca","8":"product_tag-haljina","9":"product_tag-komad-hr","11":"first","12":"instock","13":"taxable","14":"shipping-taxable","15":"purchasable","16":"product-type-simple"},"_links":{"self":[{"href":"https:\/\/www.komad.com\/hr\/wp-json\/wp\/v2\/product\/17097","targetHints":{"allow":["GET"]}}],"collection":[{"href":"https:\/\/www.komad.com\/hr\/wp-json\/wp\/v2\/product"}],"about":[{"href":"https:\/\/www.komad.com\/hr\/wp-json\/wp\/v2\/types\/product"}],"replies":[{"embeddable":true,"href":"https:\/\/www.komad.com\/hr\/wp-json\/wp\/v2\/comments?post=17097"}],"wp:featuredmedia":[{"embeddable":true,"href":"https:\/\/www.komad.com\/hr\/wp-json\/wp\/v2\/media\/17784"}],"wp:attachment":[{"href":"https:\/\/www.komad.com\/hr\/wp-json\/wp\/v2\/media?parent=17097"}],"wp:term":[{"taxonomy":"product_brand","embeddable":true,"href":"https:\/\/www.komad.com\/hr\/wp-json\/wp\/v2\/product_brand?post=17097"},{"taxonomy":"product_cat","embeddable":true,"href":"https:\/\/www.komad.com\/hr\/wp-json\/wp\/v2\/product_cat?post=17097"},{"taxonomy":"product_tag","embeddable":true,"href":"https:\/\/www.komad.com\/hr\/wp-json\/wp\/v2\/product_tag?post=17097"}],"curies":[{"name":"wp","href":"https:\/\/api.w.org\/{rel}","templated":true}]}}