{"id":17029,"date":"2020-04-10T10:01:21","date_gmt":"2020-04-10T08:01:21","guid":{"rendered":"https:\/\/www.komad.com\/product\/top-grace-crni\/"},"modified":"2023-08-03T13:48:01","modified_gmt":"2023-08-03T11:48:01","slug":"top-grace-crni","status":"publish","type":"product","link":"https:\/\/www.komad.com\/hr\/product\/top-grace-crni\/","title":{"rendered":"Top GRACE crni"},"content":{"rendered":"<p>\/ du\u017eina (od najvi\u0161e to\u010dke ramena), podesivo, min<br \/>\n\/ opseg prsa 100cm<\/p>\n","protected":false},"excerpt":{"rendered":"<p>Kratki top  izra\u0111en je od mekanog, lepr\u0161avog i vrlo udobnog crnog viskoznog materijala.<br \/>\nNaramenice-trakice se mogu odvezati i svezati na \u017eeljenu duljinu ili na \u017eeljeni na\u010din.<\/p>\n<p>VELI\u010cINA: univerzalna (36-40)<br \/>\nBOJA: crna<br \/>\nMATERIJAL: 100% viskoza<\/p>\n","protected":false},"featured_media":17022,"comment_status":"open","ping_status":"closed","template":"","meta":[],"product_brand":[],"product_cat":[86,98],"product_tag":[125,123],"class_list":{"0":"post-17029","1":"product","2":"type-product","3":"status-publish","4":"has-post-thumbnail","6":"product_cat-odjeca","7":"product_cat-topovi","8":"product_tag-komad-hr","9":"product_tag-top-hr","11":"first","12":"instock","13":"taxable","14":"shipping-taxable","15":"purchasable","16":"product-type-simple"},"_links":{"self":[{"href":"https:\/\/www.komad.com\/hr\/wp-json\/wp\/v2\/product\/17029","targetHints":{"allow":["GET"]}}],"collection":[{"href":"https:\/\/www.komad.com\/hr\/wp-json\/wp\/v2\/product"}],"about":[{"href":"https:\/\/www.komad.com\/hr\/wp-json\/wp\/v2\/types\/product"}],"replies":[{"embeddable":true,"href":"https:\/\/www.komad.com\/hr\/wp-json\/wp\/v2\/comments?post=17029"}],"wp:featuredmedia":[{"embeddable":true,"href":"https:\/\/www.komad.com\/hr\/wp-json\/wp\/v2\/media\/17022"}],"wp:attachment":[{"href":"https:\/\/www.komad.com\/hr\/wp-json\/wp\/v2\/media?parent=17029"}],"wp:term":[{"taxonomy":"product_brand","embeddable":true,"href":"https:\/\/www.komad.com\/hr\/wp-json\/wp\/v2\/product_brand?post=17029"},{"taxonomy":"product_cat","embeddable":true,"href":"https:\/\/www.komad.com\/hr\/wp-json\/wp\/v2\/product_cat?post=17029"},{"taxonomy":"product_tag","embeddable":true,"href":"https:\/\/www.komad.com\/hr\/wp-json\/wp\/v2\/product_tag?post=17029"}],"curies":[{"name":"wp","href":"https:\/\/api.w.org\/{rel}","templated":true}]}}