{"id":17017,"date":"2020-04-10T09:55:57","date_gmt":"2020-04-10T07:55:57","guid":{"rendered":"https:\/\/www.komad.com\/product\/top-queen-crveni\/"},"modified":"2020-05-12T16:40:50","modified_gmt":"2020-05-12T14:40:50","slug":"top-queen-crveni","status":"publish","type":"product","link":"https:\/\/www.komad.com\/hr\/product\/top-queen-crveni\/","title":{"rendered":"Top QUEEN crveni"},"content":{"rendered":"<p>\/ du\u017eina (od najvi\u0161e to\u010dke ramena) 70cm<br \/>\n\/ \u0161irina min 95cm (rastezljivo)<\/p>\n","protected":false},"excerpt":{"rendered":"<p>Mekani top asimetri\u010dnog kroja, izra\u0111en je od najfinijeg vintage plisea u kombinaciji sa prozra\u010dnim, elasti\u010dnim tilom. Stra\u017enja strana je potpuno prozirna.<br \/>\nOprez: jednom kada ga obu\u010dete po\u017eeljet \u0107ete zauvijek ostati u njemu!<\/p>\n<p>VELI\u010cINA: univerzalna (36-40)<br \/>\nBOJA: crvena<br \/>\nMATERIJAL: 100% PES vlakno<\/p>\n","protected":false},"featured_media":17010,"comment_status":"open","ping_status":"closed","template":"","meta":[],"product_brand":[],"product_cat":[86,98],"product_tag":[125,123],"class_list":{"0":"post-17017","1":"product","2":"type-product","3":"status-publish","4":"has-post-thumbnail","6":"product_cat-odjeca","7":"product_cat-topovi","8":"product_tag-komad-hr","9":"product_tag-top-hr","11":"first","12":"instock","13":"taxable","14":"shipping-taxable","15":"purchasable","16":"product-type-simple"},"_links":{"self":[{"href":"https:\/\/www.komad.com\/hr\/wp-json\/wp\/v2\/product\/17017","targetHints":{"allow":["GET"]}}],"collection":[{"href":"https:\/\/www.komad.com\/hr\/wp-json\/wp\/v2\/product"}],"about":[{"href":"https:\/\/www.komad.com\/hr\/wp-json\/wp\/v2\/types\/product"}],"replies":[{"embeddable":true,"href":"https:\/\/www.komad.com\/hr\/wp-json\/wp\/v2\/comments?post=17017"}],"wp:featuredmedia":[{"embeddable":true,"href":"https:\/\/www.komad.com\/hr\/wp-json\/wp\/v2\/media\/17010"}],"wp:attachment":[{"href":"https:\/\/www.komad.com\/hr\/wp-json\/wp\/v2\/media?parent=17017"}],"wp:term":[{"taxonomy":"product_brand","embeddable":true,"href":"https:\/\/www.komad.com\/hr\/wp-json\/wp\/v2\/product_brand?post=17017"},{"taxonomy":"product_cat","embeddable":true,"href":"https:\/\/www.komad.com\/hr\/wp-json\/wp\/v2\/product_cat?post=17017"},{"taxonomy":"product_tag","embeddable":true,"href":"https:\/\/www.komad.com\/hr\/wp-json\/wp\/v2\/product_tag?post=17017"}],"curies":[{"name":"wp","href":"https:\/\/api.w.org\/{rel}","templated":true}]}}