{"id":16975,"date":"2020-04-10T09:30:59","date_gmt":"2020-04-10T07:30:59","guid":{"rendered":"https:\/\/www.komad.com\/product\/haljina-bambus\/"},"modified":"2024-08-06T10:00:50","modified_gmt":"2024-08-06T08:00:50","slug":"haljina-bambus","status":"publish","type":"product","link":"https:\/\/www.komad.com\/hr\/product\/haljina-bambus\/","title":{"rendered":"Haljina Bamboo"},"content":{"rendered":"<p>\/ du\u017eina (od najvi\u0161e to\u010dke ramena) 130cm<br \/>\n\/ opseg prsa min 90cm (rastezljivo)<br \/>\n\/ opseg struka min 100cm (rastezljivo)<br \/>\n\/ opseg bokova min 110cm (rastezljivo)<\/p>\n","protected":false},"excerpt":{"rendered":"<p>Haljina midi du\u017eine izra\u0111ena od mekanog bambus materijala.<\/p>\n<p>\u0160iroke naramenice mogu se nositi na dva na\u010dina: prekri\u017eene i svaka na svoje rame ili obje na istom ramenu. U bo\u010dne \u0161avove haljine u\u0161iveni su d\u017eepovi.<\/p>\n<p>Vre\u0107asti kroj omogu\u0107ava le\u017eeran pad materijala, ali odli\u010dno izgleda i sa remenom u struku!<\/p>\n<p><b>BAMBUS <\/b>je jedan od najmek\u0161ih materijala na Zemlji, ljeti hladi, zimi grije a tako\u0111er je i eco-friendly te poma\u017ee u o\u010duvanju na\u0161e planete! Izra\u0111uje se od bambusove pulpe.<\/p>\n<p>VELI\u010cINA: univerzalna (36-40)<br \/>\nBOJA: crna<br \/>\nMATERIJAL: 100% bambus vlakno<\/p>\n","protected":false},"featured_media":16966,"comment_status":"open","ping_status":"closed","template":"","meta":[],"product_brand":[],"product_cat":[87,86],"product_tag":[125],"class_list":{"0":"post-16975","1":"product","2":"type-product","3":"status-publish","4":"has-post-thumbnail","6":"product_cat-haljine","7":"product_cat-odjeca","8":"product_tag-komad-hr","10":"first","11":"instock","12":"taxable","13":"shipping-taxable","14":"purchasable","15":"product-type-simple"},"_links":{"self":[{"href":"https:\/\/www.komad.com\/hr\/wp-json\/wp\/v2\/product\/16975","targetHints":{"allow":["GET"]}}],"collection":[{"href":"https:\/\/www.komad.com\/hr\/wp-json\/wp\/v2\/product"}],"about":[{"href":"https:\/\/www.komad.com\/hr\/wp-json\/wp\/v2\/types\/product"}],"replies":[{"embeddable":true,"href":"https:\/\/www.komad.com\/hr\/wp-json\/wp\/v2\/comments?post=16975"}],"wp:featuredmedia":[{"embeddable":true,"href":"https:\/\/www.komad.com\/hr\/wp-json\/wp\/v2\/media\/16966"}],"wp:attachment":[{"href":"https:\/\/www.komad.com\/hr\/wp-json\/wp\/v2\/media?parent=16975"}],"wp:term":[{"taxonomy":"product_brand","embeddable":true,"href":"https:\/\/www.komad.com\/hr\/wp-json\/wp\/v2\/product_brand?post=16975"},{"taxonomy":"product_cat","embeddable":true,"href":"https:\/\/www.komad.com\/hr\/wp-json\/wp\/v2\/product_cat?post=16975"},{"taxonomy":"product_tag","embeddable":true,"href":"https:\/\/www.komad.com\/hr\/wp-json\/wp\/v2\/product_tag?post=16975"}],"curies":[{"name":"wp","href":"https:\/\/api.w.org\/{rel}","templated":true}]}}