{"id":16837,"date":"2020-03-02T17:16:02","date_gmt":"2020-03-02T16:16:02","guid":{"rendered":"https:\/\/www.komad.com\/product\/rebel-ruksak-crveni-novo\/"},"modified":"2020-06-05T20:04:11","modified_gmt":"2020-06-05T18:04:11","slug":"rebel-ruksak-crveni-novo","status":"publish","type":"product","link":"https:\/\/www.komad.com\/hr\/product\/rebel-ruksak-crveni-novo\/","title":{"rendered":"Rebel ruksak"},"content":{"rendered":"<p>\/ dimenzije: 45x48cm<br \/>\n\/ ru\u010dke: 70-130cm<br \/>\n\/ materijal: 100% politex, unutra\u0161njost: 100% poliester<\/p>\n","protected":false},"excerpt":{"rendered":"<p>Rebel ruksak iz na\u0161e najbuntovnije kolekcije s razlogom nosi svoje mo\u0107no ime.<br \/>\nKod ovog ruksaka ni\u0161ta nije uobi\u010dajeno niti onakvo kako izgleda. Jednostavnim otkop\u010davanjem dobiva\u0161 vi\u0161e prostora za sve stvari koje nosi\u0161 sa sobom.<br \/>\nNapravljen je od kvalitetne CRVENE umjetne ko\u017ee. Sa vanjske strane ima dva velika u\u0161ivena d\u017eepa sa zatvara\u010dem a unutra\u0161njost je cjelina bez d\u017eepova, podstavljena zelenom tkaninom.<\/p>\n","protected":false},"featured_media":16826,"comment_status":"open","ping_status":"closed","template":"","meta":[],"product_brand":[],"product_cat":[91,99],"product_tag":[124],"class_list":{"0":"post-16837","1":"product","2":"type-product","3":"status-publish","4":"has-post-thumbnail","6":"product_cat-baggiz-torbe","7":"product_cat-ruksaci","8":"product_tag-baggiz-hr","10":"first","11":"instock","12":"taxable","13":"shipping-taxable","14":"purchasable","15":"product-type-simple"},"_links":{"self":[{"href":"https:\/\/www.komad.com\/hr\/wp-json\/wp\/v2\/product\/16837","targetHints":{"allow":["GET"]}}],"collection":[{"href":"https:\/\/www.komad.com\/hr\/wp-json\/wp\/v2\/product"}],"about":[{"href":"https:\/\/www.komad.com\/hr\/wp-json\/wp\/v2\/types\/product"}],"replies":[{"embeddable":true,"href":"https:\/\/www.komad.com\/hr\/wp-json\/wp\/v2\/comments?post=16837"}],"wp:featuredmedia":[{"embeddable":true,"href":"https:\/\/www.komad.com\/hr\/wp-json\/wp\/v2\/media\/16826"}],"wp:attachment":[{"href":"https:\/\/www.komad.com\/hr\/wp-json\/wp\/v2\/media?parent=16837"}],"wp:term":[{"taxonomy":"product_brand","embeddable":true,"href":"https:\/\/www.komad.com\/hr\/wp-json\/wp\/v2\/product_brand?post=16837"},{"taxonomy":"product_cat","embeddable":true,"href":"https:\/\/www.komad.com\/hr\/wp-json\/wp\/v2\/product_cat?post=16837"},{"taxonomy":"product_tag","embeddable":true,"href":"https:\/\/www.komad.com\/hr\/wp-json\/wp\/v2\/product_tag?post=16837"}],"curies":[{"name":"wp","href":"https:\/\/api.w.org\/{rel}","templated":true}]}}