{"id":16623,"date":"2019-10-21T11:23:52","date_gmt":"2019-10-21T09:23:52","guid":{"rendered":"https:\/\/www.komad.com\/product\/simplicity-s-koza-crvena\/"},"modified":"2020-02-16T00:00:57","modified_gmt":"2020-02-15T23:00:57","slug":"simplicity-s-koza-crvena","status":"publish","type":"product","link":"https:\/\/www.komad.com\/hr\/product\/simplicity-s-koza-crvena\/","title":{"rendered":"Simplicity S ko\u017ea"},"content":{"rendered":"<p>\/ dimeznije: 30x28cm<br \/>\n\/ ru\u010dka: 50-100cm<\/p>\n","protected":false},"excerpt":{"rendered":"<p>Mala torbica ravnih linija li\u0161ena je svih dodatnih detalja.<br \/>\nNjezin minimalisti\u010dki dizajn i jednostavan kroj \u010dini je savr\u0161enim dodatkom svakoj modnoj kombinaciji.<br \/>\nIzra\u0111ena je od kvalitetne gove\u0111e ko\u017ee i ima podesivu, tanku ru\u010dku.<\/p>\n<p>\/ crna gove\u0111a ko\u017ea \/\u00a0siva pamu\u010dna podstava \/\u00a0d\u017eep u\u0161iven u podstavu \/\u00a0dolazi sa za\u0161titnom vre\u0107icom (dust bag)<\/p>\n","protected":false},"featured_media":16616,"comment_status":"open","ping_status":"closed","template":"","meta":[],"product_brand":[],"product_cat":[91,95],"product_tag":[124],"class_list":{"0":"post-16623","1":"product","2":"type-product","3":"status-publish","4":"has-post-thumbnail","6":"product_cat-baggiz-torbe","7":"product_cat-torbe","8":"product_tag-baggiz-hr","10":"first","11":"instock","12":"taxable","13":"shipping-taxable","14":"purchasable","15":"product-type-simple"},"_links":{"self":[{"href":"https:\/\/www.komad.com\/hr\/wp-json\/wp\/v2\/product\/16623","targetHints":{"allow":["GET"]}}],"collection":[{"href":"https:\/\/www.komad.com\/hr\/wp-json\/wp\/v2\/product"}],"about":[{"href":"https:\/\/www.komad.com\/hr\/wp-json\/wp\/v2\/types\/product"}],"replies":[{"embeddable":true,"href":"https:\/\/www.komad.com\/hr\/wp-json\/wp\/v2\/comments?post=16623"}],"wp:featuredmedia":[{"embeddable":true,"href":"https:\/\/www.komad.com\/hr\/wp-json\/wp\/v2\/media\/16616"}],"wp:attachment":[{"href":"https:\/\/www.komad.com\/hr\/wp-json\/wp\/v2\/media?parent=16623"}],"wp:term":[{"taxonomy":"product_brand","embeddable":true,"href":"https:\/\/www.komad.com\/hr\/wp-json\/wp\/v2\/product_brand?post=16623"},{"taxonomy":"product_cat","embeddable":true,"href":"https:\/\/www.komad.com\/hr\/wp-json\/wp\/v2\/product_cat?post=16623"},{"taxonomy":"product_tag","embeddable":true,"href":"https:\/\/www.komad.com\/hr\/wp-json\/wp\/v2\/product_tag?post=16623"}],"curies":[{"name":"wp","href":"https:\/\/api.w.org\/{rel}","templated":true}]}}